{"id":107,"date":"2018-06-08T11:36:01","date_gmt":"2018-06-08T14:36:01","guid":{"rendered":"http:\/\/noblind.com.br\/clientes\/CMA\/site\/?page_id=107"},"modified":"2025-09-23T16:08:43","modified_gmt":"2025-09-23T19:08:43","slug":"trabalhista-e-previdenciario","status":"publish","type":"page","link":"https:\/\/cmalaw.com\/homolog\/areas-de-atuacao\/areas-de-pratica\/trabalhista-e-previdenciario\/","title":{"rendered":"Trabalhista e Previdenci\u00e1rio"},"content":{"rendered":"<p><span style=\"color: #081572;\"><strong><i>O time CMA atua em um amplo conjunto de atividades de assist\u00eancia jur\u00eddica trabalhista e previdenci\u00e1ria, de modo integrado, multidisciplinar e preventivo.<\/i><\/strong><\/span><\/p>\n<p>A assessoria nessa \u00e1rea \u00e9 um elemento estrat\u00e9gico, que exige especializa\u00e7\u00e3o e capacidade de apresentar solu\u00e7\u00f5es adequadas e efetivas para cada perfil de cliente e seu setor.<\/p>\n<p>Muito al\u00e9m das regulamenta\u00e7\u00f5es cotidianas, nosso time oferece solu\u00e7\u00f5es criativas. Empresas de todo o mundo enfrentam cada vez mais desafios complexos na esfera trabalhista. Resolvemos esses problemas globais para empresas de todos os portes, de startups a multinacionais, e de todos os setores. Nossos advogados identificam os riscos da for\u00e7a de trabalho e as oportunidades que cada companhia pode aproveitar.<\/p>\n<p><strong>Dentre os servi\u00e7os que prestamos a nossos clientes, destacamos:<\/strong><\/p>\n<ul>\n<li>Consultoria em rela\u00e7\u00e3o a decis\u00f5es estrat\u00e9gicas de recursos humanos, incluindo contrata\u00e7\u00e3o, rescis\u00e3o e desenvolvimento profissional, terceiriza\u00e7\u00e3o de servi\u00e7os, pacotes de remunera\u00e7\u00e3o, planos de participa\u00e7\u00e3o nos lucros ou resultados, <i>stock options<\/i>, elabora\u00e7\u00e3o de regulamentos internos, pol\u00edticas internas, assessoria em pr\u00e1ticas para evitar reclama\u00e7\u00f5es que envolvam alega\u00e7\u00f5es de ass\u00e9dio quest\u00f5es de dano moral e outros atendimentos espec\u00edficos nesta \u00e1rea;<\/li>\n<li>Representa\u00e7\u00e3o de clientes envolvidos em lit\u00edgios trabalhistas e assessoria a clientes em cen\u00e1rios pr\u00e9-litigiosos para evitar reclama\u00e7\u00f5es trabalhistas;<\/li>\n<li>Consultoria em quest\u00f5es trabalhistas e de imigra\u00e7\u00e3o envolvendo a contrata\u00e7\u00e3o de estrangeiros para trabalhar no Brasil e de brasileiros para trabalhar no exterior;<\/li>\n<li>Auditoria jur\u00eddica (due diligence) e consultoria em quest\u00f5es trabalhistas e previdenci\u00e1rias envolvendo opera\u00e7\u00f5es societ\u00e1rias no Brasil;<\/li>\n<li>Negocia\u00e7\u00e3o com Sindicatos para implementa\u00e7\u00e3o de acordos coletivos de trabalho (banco de horas, autoriza\u00e7\u00e3o de trabalho aos domingos, turnos especiais, PLR, redu\u00e7\u00f5es de jornada e sal\u00e1rio, etc.) bem como condi\u00e7\u00f5es gerais aplic\u00e1veis aos neg\u00f3cios de nossos clientes;<\/li>\n<li>Representa\u00e7\u00e3o de clientes em a\u00e7\u00f5es civis p\u00fablicas e outros procedimentos envolvendo o Minist\u00e9rio P\u00fablico do Trabalho; defesa dos interesses de clientes em rela\u00e7\u00e3o a fiscaliza\u00e7\u00f5es e autua\u00e7\u00f5es do Minist\u00e9rio do Trabalho perante a Comiss\u00e3o de Igualdade de Oportunidades de G\u00eanero, de Ra\u00e7a e Etnia, de Pessoas com Defici\u00eancias e de Combate \u00e0 Discrimina\u00e7\u00e3o do Minist\u00e9rio do Trabalho;<\/li>\n<li>Consultoria para departamentos de recursos humanos em quest\u00f5es trabalhistas relacionadas \u00e0 previd\u00eancia privada.<\/li>\n<\/ul>\n","protected":false},"excerpt":{"rendered":"<p>O time CMA atua em um amplo conjunto de atividades de assist\u00eancia jur\u00eddica trabalhista e previdenci\u00e1ria, de modo integrado, multidisciplinar e preventivo. A assessoria nessa \u00e1rea \u00e9 um elemento estrat\u00e9gico, que exige especializa\u00e7\u00e3o e capacidade de apresentar solu\u00e7\u00f5es adequadas e efetivas para cada perfil de cliente e seu setor. Muito al\u00e9m das regulamenta\u00e7\u00f5es cotidianas, nosso [&hellip;]<\/p>\n","protected":false},"author":14,"featured_media":0,"parent":55,"menu_order":0,"comment_status":"closed","ping_status":"closed","template":"page-area-atuacao.php","meta":{"_acf_changed":false,"footnotes":""},"class_list":["post-107","page","type-page","status-publish","hentry"],"acf":[],"_links":{"self":[{"href":"https:\/\/cmalaw.com\/homolog\/wp-json\/wp\/v2\/pages\/107","targetHints":{"allow":["GET"]}}],"collection":[{"href":"https:\/\/cmalaw.com\/homolog\/wp-json\/wp\/v2\/pages"}],"about":[{"href":"https:\/\/cmalaw.com\/homolog\/wp-json\/wp\/v2\/types\/page"}],"author":[{"embeddable":true,"href":"https:\/\/cmalaw.com\/homolog\/wp-json\/wp\/v2\/users\/14"}],"replies":[{"embeddable":true,"href":"https:\/\/cmalaw.com\/homolog\/wp-json\/wp\/v2\/comments?post=107"}],"version-history":[{"count":6,"href":"https:\/\/cmalaw.com\/homolog\/wp-json\/wp\/v2\/pages\/107\/revisions"}],"predecessor-version":[{"id":17051,"href":"https:\/\/cmalaw.com\/homolog\/wp-json\/wp\/v2\/pages\/107\/revisions\/17051"}],"up":[{"embeddable":true,"href":"https:\/\/cmalaw.com\/homolog\/wp-json\/wp\/v2\/pages\/55"}],"wp:attachment":[{"href":"https:\/\/cmalaw.com\/homolog\/wp-json\/wp\/v2\/media?parent=107"}],"curies":[{"name":"wp","href":"https:\/\/api.w.org\/{rel}","templated":true}]}}