{"id":110,"date":"2018-06-08T11:36:56","date_gmt":"2018-06-08T14:36:56","guid":{"rendered":"http:\/\/noblind.com.br\/clientes\/CMA\/site\/?page_id=110"},"modified":"2025-10-14T10:43:53","modified_gmt":"2025-10-14T13:43:53","slug":"tributario","status":"publish","type":"page","link":"https:\/\/cmalaw.com\/homolog\/areas-de-atuacao\/areas-de-pratica\/tributario\/","title":{"rendered":"Tribut\u00e1rio"},"content":{"rendered":"<p><span style=\"color: #682463;\"><span class=\"has-inline-color\"><strong><span style=\"color: #081572;\">Alerta Tribut\u00e1rio &#8211; <a href=\"https:\/\/cmalaw.com\/conteudos\/novo-edital-da-pge-sp-do-acordo-paulista-permite-a-transacao-de-creditos-tributarios-estaduais-com-descontos-de-ate-75-sobre-juros-e-multa\/\">Clique e confira<\/a>: Novo edital da PGE\/SP do Acordo Paulista permite a transa\u00e7\u00e3o de cr\u00e9ditos tribut\u00e1rios estaduais com descontos de at\u00e9 75% sobre juros e multa<\/span><\/strong><\/span><\/span><\/p>\n<p>&#8212;&#8212;<\/p>\n<p><span style=\"color: #081572;\"><strong><i>Assessoramos clientes em diferentes setores de forma cont\u00ednua, tanto na consultoria como no planejamento e contencioso tribut\u00e1rio.<\/i><\/strong><\/span><\/p>\n<p>Possu\u00edmos uma consolidada experi\u00eancia na pr\u00e1tica tribut\u00e1ria, desenvolvida com um trabalho cont\u00ednuo de assessoria em quest\u00f5es fiscais, servi\u00e7os de consultoria tribut\u00e1ria, elabora\u00e7\u00e3o de pareceres \u2013 incluindo a an\u00e1lise dos aspectos fiscais de opera\u00e7\u00f5es de reorganiza\u00e7\u00e3o societ\u00e1ria e aquisi\u00e7\u00e3o de investimentos, bem como due diligence tribut\u00e1ria \u2013 e elabora\u00e7\u00e3o de consultas administrativas e regimes especiais. Al\u00e9m disso, temos uma atua\u00e7\u00e3o forte no contencioso tribut\u00e1rio, tanto na esfera administrativa quanto judicial, conduzindo casos estrat\u00e9gicos e complexos para nossos clientes de diversos setores.<\/p>\n<p>Nossos clientes s\u00e3o empresas brasileiras e multinacionais em diversos setores da economia, tais como, ind\u00fastria, agrobusiness, prestadores de servi\u00e7os, energia, petr\u00f3leo e g\u00e1s, fintechs, tecnologia, life science, imobili\u00e1rio, hotelaria, e bens de consumo.<\/p>\n<p>No setor de Energia, assessoramos clientes como Eneva, Maha, Soenergy, CSC, Brava Energia, Auren Energia, Statkraft, Scatec, Votorantim Gera\u00e7\u00e3o de Energia, entre outros.<\/p>\n<p><strong>Dentre os servi\u00e7os que prestamos na \u00e1rea tribut\u00e1ria, destacamos assist\u00eancia jur\u00eddica em:<\/strong><\/p>\n<ul>\n<li>Assessoria em projetos de fus\u00f5es e aquisi\u00e7\u00f5es (M&amp;A) e de reestrutura\u00e7\u00e3o societ\u00e1ria e de d\u00edvidas, tanto em opera\u00e7\u00f5es nacionais quanto cross-border, propondo an\u00e1lise de estruturas e alternativas que minimizem a tributa\u00e7\u00e3o de ganhos de capital e rendimentos auferidos por residentes no Brasil e no exterior;<\/li>\n<li>Planejamento tribut\u00e1rio e consultoria para clientes de diversos setores, incluindo energia, tecnologia, minera\u00e7\u00e3o, telecomunica\u00e7\u00f5es, fintechs, \u00f3leo e g\u00e1s \u2013 com destaque para o uso de regimes aduaneiros especiais como o REPETRO e o drawback \u2013, publicidade, log\u00edstica, life science e agroneg\u00f3cio;<\/li>\n<li>Assessoria em pre\u00e7os de transfer\u00eancia, com foco na revis\u00e3o de contratos entre empresas relacionadas e na conformidade \u00e0s novas normas brasileiras, incluindo a elabora\u00e7\u00e3o dos arquivos de pre\u00e7os de transfer\u00eancia;<\/li>\n<li>Assessoria sobre potenciais impactos da Reforma Tribut\u00e1ria sobre tributos indiretos;<\/li>\n<li>Aplica\u00e7\u00e3o de benef\u00edcios fiscais federais, regionais e locais, e tributa\u00e7\u00e3o das atividades de com\u00e9rcio exterior;<\/li>\n<li>Assessoria a empresas do setor de energia, incluindo grandes consumidores e distribuidoras, com \u00eanfase nos segmentos de g\u00e1s e energias renov\u00e1veis;<\/li>\n<li>Assessoria em quest\u00f5es previdenci\u00e1rias, relacionadas a verbas de natureza indenizat\u00f3ria, bem como programas de stock options e de participa\u00e7\u00e3o nos lucros e resultados (PLR);<\/li>\n<li>Assessoria sobre o rec\u00e9m-implementado Imposto M\u00ednimo Complementar Dom\u00e9stico Qualificado (QDMTT), no contexto da ado\u00e7\u00e3o das Regras GloBE da OCDE (Pilar 2), bem como na an\u00e1lise da regra transit\u00f3ria do CbCR Safe Harbour;<\/li>\n<li>Atua\u00e7\u00e3o no contencioso tribut\u00e1rio, tanto na esfera administrativa como judicial, em n\u00edvel federal, estadual e municipal com destaque para:<\/li>\n<li>A\u00e7\u00f5es pioneiras relativas a inconstitucionalidades e ilegalidades identificadas em novas leis ou em altera\u00e7\u00f5es legislativas;<\/li>\n<li>Defesas administrativas contra autos de infra\u00e7\u00e3o fiscal de autoridades federais, estaduais e municipais;<\/li>\n<li>Representa\u00e7\u00e3o de clientes perante os tribunais superiores em Bras\u00edlia (Conselho Administrativo de Recursos Fiscais \u2013 CARF, Superior Tribunal de Justi\u00e7a \u2013 STJ e Supremo Tribunal Federal \u2013 STF);<\/li>\n<li>Atua\u00e7\u00e3o preventiva e acompanhamento de fiscaliza\u00e7\u00f5es junto \u00e0s autoridades fiscais, bem como na obten\u00e7\u00e3o de certificado de regularidade fiscal.<\/li>\n<\/ul>\n","protected":false},"excerpt":{"rendered":"<p>Alerta Tribut\u00e1rio &#8211; Clique e confira: Novo edital da PGE\/SP do Acordo Paulista permite a transa\u00e7\u00e3o de cr\u00e9ditos tribut\u00e1rios estaduais com descontos de at\u00e9 75% sobre juros e multa &#8212;&#8212; Assessoramos clientes em diferentes setores de forma cont\u00ednua, tanto na consultoria como no planejamento e contencioso tribut\u00e1rio. Possu\u00edmos uma consolidada experi\u00eancia na pr\u00e1tica tribut\u00e1ria, desenvolvida [&hellip;]<\/p>\n","protected":false},"author":14,"featured_media":0,"parent":55,"menu_order":0,"comment_status":"closed","ping_status":"closed","template":"page-area-atuacao.php","meta":{"_acf_changed":false,"footnotes":""},"class_list":["post-110","page","type-page","status-publish","hentry"],"acf":[],"_links":{"self":[{"href":"https:\/\/cmalaw.com\/homolog\/wp-json\/wp\/v2\/pages\/110","targetHints":{"allow":["GET"]}}],"collection":[{"href":"https:\/\/cmalaw.com\/homolog\/wp-json\/wp\/v2\/pages"}],"about":[{"href":"https:\/\/cmalaw.com\/homolog\/wp-json\/wp\/v2\/types\/page"}],"author":[{"embeddable":true,"href":"https:\/\/cmalaw.com\/homolog\/wp-json\/wp\/v2\/users\/14"}],"replies":[{"embeddable":true,"href":"https:\/\/cmalaw.com\/homolog\/wp-json\/wp\/v2\/comments?post=110"}],"version-history":[{"count":11,"href":"https:\/\/cmalaw.com\/homolog\/wp-json\/wp\/v2\/pages\/110\/revisions"}],"predecessor-version":[{"id":17133,"href":"https:\/\/cmalaw.com\/homolog\/wp-json\/wp\/v2\/pages\/110\/revisions\/17133"}],"up":[{"embeddable":true,"href":"https:\/\/cmalaw.com\/homolog\/wp-json\/wp\/v2\/pages\/55"}],"wp:attachment":[{"href":"https:\/\/cmalaw.com\/homolog\/wp-json\/wp\/v2\/media?parent=110"}],"curies":[{"name":"wp","href":"https:\/\/api.w.org\/{rel}","templated":true}]}}