{"id":4937,"date":"2020-10-22T16:07:07","date_gmt":"2020-10-22T19:07:07","guid":{"rendered":"https:\/\/cmalaw.com\/?page_id=4937"},"modified":"2025-07-23T15:47:17","modified_gmt":"2025-07-23T18:47:17","slug":"direito-publico-assuntos-governamentais","status":"publish","type":"page","link":"https:\/\/cmalaw.com\/homolog\/areas-de-atuacao\/areas-de-pratica\/direito-publico-assuntos-governamentais\/","title":{"rendered":"Direito P\u00fablico e Assuntos Governamentais"},"content":{"rendered":"<p><span style=\"color: #081572;\"><strong><i>Decis\u00f5es pol\u00edticas dos governos t\u00eam frequentemente efeitos de grande alcance para as empresas. N\u00f3s entendemos as situa\u00e7\u00f5es em que o neg\u00f3cio e a pol\u00edtica se cruzam e ajudamos a atingir objetivos estrat\u00e9gicos. Afinal, garantir que sua empresa compreende implica\u00e7\u00f5es regulamentares e se mant\u00e9m em conformidade \u00e9 essencial.<\/i><\/strong><\/span><\/p>\n<p>As solu\u00e7\u00f5es jur\u00eddicas do CMA permitem o tratamento adequado de temas complexos de Direito P\u00fablico. Clientes nacionais e estrangeiros s\u00e3o assessorados nas mais diversas demandas, tais como: licita\u00e7\u00f5es, concess\u00f5es de servi\u00e7os p\u00fablicos e parcerias p\u00fablico-privadas, contratos administrativos para fornecimento de bens, presta\u00e7\u00e3o de servi\u00e7os e uso de bens p\u00fablicos.<\/p>\n<p>Assessorias estrat\u00e9gicas em temas regulat\u00f3rios fazem parte do conjunto das nossas solu\u00e7\u00f5es, em especial nas \u00e1reas de log\u00edstica de transporte (portos, aeroportos, rodovias e ferrovias), mobilidade urbana, energia, \u00f3leo e g\u00e1s, telecomunica\u00e7\u00f5es, <i>life sciences<\/i>, saneamento b\u00e1sico, minera\u00e7\u00e3o e defesa.<\/p>\n<p><strong>Nossa atua\u00e7\u00e3o tem como destaque a assessoria em:<\/strong><\/p>\n<ul>\n<li>Licita\u00e7\u00f5es<\/li>\n<li>Concess\u00f5es de servi\u00e7os p\u00fablicos, parcerias p\u00fablico-p\u00fablico privadas, atua\u00e7\u00e3o em setores regulados: energia, saneamento b\u00e1sico, portos, aeroportos, ferrovias, rodovias, mobilidade urbana, infraestrutura social.<\/li>\n<li>Contencioso administrativo junto a Tribunais de Contas, Ag\u00eancias Reguladoras e entidades p\u00fablicas, em todos os n\u00edveis da federa\u00e7\u00e3o;<\/li>\n<li>Assessoria em quest\u00f5es de improbidade administrativa e compliance na interface com o poder p\u00fablico;<\/li>\n<li>Temas de direito financeiro, responsabilidade fiscal e fomento p\u00fablico;<\/li>\n<li>Interlocu\u00e7\u00e3o, prepara\u00e7\u00e3o de a\u00e7\u00f5es conjuntas e negocia\u00e7\u00e3o de acordos, inclusive na resolu\u00e7\u00e3o de conflitos entre os setores p\u00fablico e privado.<\/li>\n<\/ul>\n","protected":false},"excerpt":{"rendered":"<p>Decis\u00f5es pol\u00edticas dos governos t\u00eam frequentemente efeitos de grande alcance para as empresas. N\u00f3s entendemos as situa\u00e7\u00f5es em que o neg\u00f3cio e a pol\u00edtica se cruzam e ajudamos a atingir objetivos estrat\u00e9gicos. Afinal, garantir que sua empresa compreende implica\u00e7\u00f5es regulamentares e se mant\u00e9m em conformidade \u00e9 essencial. As solu\u00e7\u00f5es jur\u00eddicas do CMA permitem o tratamento [&hellip;]<\/p>\n","protected":false},"author":14,"featured_media":0,"parent":55,"menu_order":0,"comment_status":"closed","ping_status":"closed","template":"page-area-atuacao.php","meta":{"_acf_changed":false,"footnotes":""},"class_list":["post-4937","page","type-page","status-publish","hentry"],"acf":[],"_links":{"self":[{"href":"https:\/\/cmalaw.com\/homolog\/wp-json\/wp\/v2\/pages\/4937","targetHints":{"allow":["GET"]}}],"collection":[{"href":"https:\/\/cmalaw.com\/homolog\/wp-json\/wp\/v2\/pages"}],"about":[{"href":"https:\/\/cmalaw.com\/homolog\/wp-json\/wp\/v2\/types\/page"}],"author":[{"embeddable":true,"href":"https:\/\/cmalaw.com\/homolog\/wp-json\/wp\/v2\/users\/14"}],"replies":[{"embeddable":true,"href":"https:\/\/cmalaw.com\/homolog\/wp-json\/wp\/v2\/comments?post=4937"}],"version-history":[{"count":6,"href":"https:\/\/cmalaw.com\/homolog\/wp-json\/wp\/v2\/pages\/4937\/revisions"}],"predecessor-version":[{"id":16584,"href":"https:\/\/cmalaw.com\/homolog\/wp-json\/wp\/v2\/pages\/4937\/revisions\/16584"}],"up":[{"embeddable":true,"href":"https:\/\/cmalaw.com\/homolog\/wp-json\/wp\/v2\/pages\/55"}],"wp:attachment":[{"href":"https:\/\/cmalaw.com\/homolog\/wp-json\/wp\/v2\/media?parent=4937"}],"curies":[{"name":"wp","href":"https:\/\/api.w.org\/{rel}","templated":true}]}}