{"id":5060,"date":"2020-12-03T14:30:11","date_gmt":"2020-12-03T17:30:11","guid":{"rendered":"https:\/\/cmalaw.com\/?page_id=5060"},"modified":"2025-06-26T19:26:41","modified_gmt":"2025-06-26T22:26:41","slug":"midia-e-entretenimento","status":"publish","type":"page","link":"https:\/\/cmalaw.com\/homolog\/areas-de-atuacao\/setores\/midia-e-entretenimento\/","title":{"rendered":"M\u00eddia e Entretenimento"},"content":{"rendered":"<p><span data-teams=\"true\"><i>N\u00f3s operamos nas principais \u00e1reas do direito, com expertise profissional e agilidade para prover informa\u00e7\u00f5es que d\u00e3o seguran\u00e7a \u00e0s decis\u00f5es corporativas. Com solu\u00e7\u00f5es estrat\u00e9gicas, ajudamos nossos clientes a aproveitar oportunidades de neg\u00f3cios e reduzir os riscos relacionados a elas.\u00a0 Caso tenha interesse em saber mais sobre nossa atua\u00e7\u00e3o neste setor, favor entrar em contato atrav\u00e9s do e-mail marketing@cmalaw.com. \u00a0<\/i><\/span><\/p>\n","protected":false},"excerpt":{"rendered":"<p>N\u00f3s operamos nas principais \u00e1reas do direito, com expertise profissional e agilidade para prover informa\u00e7\u00f5es que d\u00e3o seguran\u00e7a \u00e0s decis\u00f5es corporativas. Com solu\u00e7\u00f5es estrat\u00e9gicas, ajudamos nossos clientes a aproveitar oportunidades de neg\u00f3cios e reduzir os riscos relacionados a elas.\u00a0 Caso tenha interesse em saber mais sobre nossa atua\u00e7\u00e3o neste setor, favor entrar em contato atrav\u00e9s [&hellip;]<\/p>\n","protected":false},"author":14,"featured_media":0,"parent":243,"menu_order":0,"comment_status":"closed","ping_status":"closed","template":"page-area-atuacao.php","meta":{"_acf_changed":false,"footnotes":""},"class_list":["post-5060","page","type-page","status-publish","hentry"],"acf":[],"_links":{"self":[{"href":"https:\/\/cmalaw.com\/homolog\/wp-json\/wp\/v2\/pages\/5060","targetHints":{"allow":["GET"]}}],"collection":[{"href":"https:\/\/cmalaw.com\/homolog\/wp-json\/wp\/v2\/pages"}],"about":[{"href":"https:\/\/cmalaw.com\/homolog\/wp-json\/wp\/v2\/types\/page"}],"author":[{"embeddable":true,"href":"https:\/\/cmalaw.com\/homolog\/wp-json\/wp\/v2\/users\/14"}],"replies":[{"embeddable":true,"href":"https:\/\/cmalaw.com\/homolog\/wp-json\/wp\/v2\/comments?post=5060"}],"version-history":[{"count":3,"href":"https:\/\/cmalaw.com\/homolog\/wp-json\/wp\/v2\/pages\/5060\/revisions"}],"predecessor-version":[{"id":16513,"href":"https:\/\/cmalaw.com\/homolog\/wp-json\/wp\/v2\/pages\/5060\/revisions\/16513"}],"up":[{"embeddable":true,"href":"https:\/\/cmalaw.com\/homolog\/wp-json\/wp\/v2\/pages\/243"}],"wp:attachment":[{"href":"https:\/\/cmalaw.com\/homolog\/wp-json\/wp\/v2\/media?parent=5060"}],"curies":[{"name":"wp","href":"https:\/\/api.w.org\/{rel}","templated":true}]}}