{"id":510,"date":"2018-06-13T13:41:20","date_gmt":"2018-06-13T16:41:20","guid":{"rendered":"http:\/\/noblind.com.br\/clientes\/CMA\/site\/?page_id=510"},"modified":"2023-03-16T18:18:07","modified_gmt":"2023-03-16T21:18:07","slug":"equipe","status":"publish","type":"page","link":"https:\/\/cmalaw.com\/homolog\/equipe\/","title":{"rendered":"Equipe"},"content":{"rendered":"\r\n<p><span style=\"font-weight: 400;\">Nosso time \u00e9 a representa\u00e7\u00e3o mais expressiva da Miss\u00e3o do CMA: um time altamente capacitado e experiente, que atua incansavelmente na busca pela melhor solu\u00e7\u00e3o para os clientes.\u00a0\u00a0<\/span><\/p>\r\n<p><span style=\"font-weight: 400;\">A soma da atua\u00e7\u00e3o destes profissionais com seus conhecimentos \u00fanicos \u00e9 o nosso grande impulso para o crescimento e reconhecimento como um escrit\u00f3rio de excel\u00eancia, em todos os setores nos quais estamos inseridos. Temos hoje uma rela\u00e7\u00e3o entre s\u00f3cios e associados de 3:1.\u00a0\u00a0<\/span><\/p>\r\n<p><span style=\"font-weight: 400;\">Uma das menores rela\u00e7\u00f5es do mercado, que como benef\u00edcio permite que os l\u00edderes participem e acompanhem mais de perto toda a condu\u00e7\u00e3o do trabalho. Soma-se ainda uma estrutura de suporte no backoffice que garante os mais modernos e adequados processos de gest\u00e3o, melhorando a produtividade e efici\u00eancia operacional.\u00a0<\/span><\/p>\r\n","protected":false},"excerpt":{"rendered":"<p>Nosso time \u00e9 a representa\u00e7\u00e3o mais expressiva da Miss\u00e3o do CMA: um time altamente capacitado e experiente, que atua incansavelmente na busca pela melhor solu\u00e7\u00e3o para os clientes.\u00a0\u00a0 A soma da atua\u00e7\u00e3o destes profissionais com seus conhecimentos \u00fanicos \u00e9 o nosso grande impulso para o crescimento e reconhecimento como um escrit\u00f3rio de excel\u00eancia, em todos [&hellip;]<\/p>\n","protected":false},"author":14,"featured_media":0,"parent":0,"menu_order":0,"comment_status":"closed","ping_status":"closed","template":"","meta":{"_acf_changed":false,"footnotes":""},"class_list":["post-510","page","type-page","status-publish","hentry"],"acf":[],"_links":{"self":[{"href":"https:\/\/cmalaw.com\/homolog\/wp-json\/wp\/v2\/pages\/510","targetHints":{"allow":["GET"]}}],"collection":[{"href":"https:\/\/cmalaw.com\/homolog\/wp-json\/wp\/v2\/pages"}],"about":[{"href":"https:\/\/cmalaw.com\/homolog\/wp-json\/wp\/v2\/types\/page"}],"author":[{"embeddable":true,"href":"https:\/\/cmalaw.com\/homolog\/wp-json\/wp\/v2\/users\/14"}],"replies":[{"embeddable":true,"href":"https:\/\/cmalaw.com\/homolog\/wp-json\/wp\/v2\/comments?post=510"}],"version-history":[{"count":0,"href":"https:\/\/cmalaw.com\/homolog\/wp-json\/wp\/v2\/pages\/510\/revisions"}],"wp:attachment":[{"href":"https:\/\/cmalaw.com\/homolog\/wp-json\/wp\/v2\/media?parent=510"}],"curies":[{"name":"wp","href":"https:\/\/api.w.org\/{rel}","templated":true}]}}