{"id":5657,"date":"2021-06-24T16:12:18","date_gmt":"2021-06-24T19:12:18","guid":{"rendered":"https:\/\/cmalaw.com\/?page_id=5657"},"modified":"2025-06-25T18:54:53","modified_gmt":"2025-06-25T21:54:53","slug":"private-equity","status":"publish","type":"page","link":"https:\/\/cmalaw.com\/homolog\/areas-de-atuacao\/areas-de-pratica\/private-equity\/","title":{"rendered":"Private Equity"},"content":{"rendered":"<p><span style=\"color: #081572;\"><strong><i>O CMA tem atua\u00e7\u00e3o destacada na concep\u00e7\u00e3o, estrutura\u00e7\u00e3o e manuten\u00e7\u00e3o de fundos de investimento de qualquer natureza no Brasil.<\/i><\/strong><\/span><\/p>\n<p>Possu\u00edmos extensa pr\u00e1tica na assessoria, em especial, a gestores de recursos, administradores fiduci\u00e1rios, family offices e investidores profissionais, em todos os atos aplic\u00e1veis para sua constitui\u00e7\u00e3o e em suas atividades operacionais, necess\u00e1rios ao atendimento de requisitos e ao acompanhamento do desenvolvimento das respectivas ind\u00fastrias de atua\u00e7\u00e3o.<\/p>\n<p>Atuamos junto aos mais diversos tipos de fundos, com especial aten\u00e7\u00e3o para os aspectos de governan\u00e7a, liquidez, e estrat\u00e9gia dos investimentos, e em negocia\u00e7\u00f5es de investimentos e desinvestimentos nos diversos setores da economia, em opera\u00e7\u00f5es de M&amp;A envolvendo companhias p\u00fablicas e privadas, e em segmentos espec\u00edficos como \u00f3leo e g\u00e1s e <i>distressed<\/i> <i>assets<\/i>.<\/p>\n<p><strong>Nossos servi\u00e7os abrangem estruturas complexas de fundos de investimento, incluindo aspectos:<\/strong><\/p>\n<ul>\n<li>Fiscais;<\/li>\n<li>Governan\u00e7a corporativa e M&amp;A;<\/li>\n<li>Antitruste;<\/li>\n<li>Compliance;<\/li>\n<li>Reestrutura\u00e7\u00e3o financeira e recupera\u00e7\u00e3o de cr\u00e9dito.<\/li>\n<\/ul>\n","protected":false},"excerpt":{"rendered":"<p>O CMA tem atua\u00e7\u00e3o destacada na concep\u00e7\u00e3o, estrutura\u00e7\u00e3o e manuten\u00e7\u00e3o de fundos de investimento de qualquer natureza no Brasil. Possu\u00edmos extensa pr\u00e1tica na assessoria, em especial, a gestores de recursos, administradores fiduci\u00e1rios, family offices e investidores profissionais, em todos os atos aplic\u00e1veis para sua constitui\u00e7\u00e3o e em suas atividades operacionais, necess\u00e1rios ao atendimento de requisitos [&hellip;]<\/p>\n","protected":false},"author":14,"featured_media":0,"parent":55,"menu_order":0,"comment_status":"closed","ping_status":"closed","template":"page-area-atuacao.php","meta":{"_acf_changed":false,"footnotes":""},"class_list":["post-5657","page","type-page","status-publish","hentry"],"acf":[],"_links":{"self":[{"href":"https:\/\/cmalaw.com\/homolog\/wp-json\/wp\/v2\/pages\/5657","targetHints":{"allow":["GET"]}}],"collection":[{"href":"https:\/\/cmalaw.com\/homolog\/wp-json\/wp\/v2\/pages"}],"about":[{"href":"https:\/\/cmalaw.com\/homolog\/wp-json\/wp\/v2\/types\/page"}],"author":[{"embeddable":true,"href":"https:\/\/cmalaw.com\/homolog\/wp-json\/wp\/v2\/users\/14"}],"replies":[{"embeddable":true,"href":"https:\/\/cmalaw.com\/homolog\/wp-json\/wp\/v2\/comments?post=5657"}],"version-history":[{"count":3,"href":"https:\/\/cmalaw.com\/homolog\/wp-json\/wp\/v2\/pages\/5657\/revisions"}],"predecessor-version":[{"id":16461,"href":"https:\/\/cmalaw.com\/homolog\/wp-json\/wp\/v2\/pages\/5657\/revisions\/16461"}],"up":[{"embeddable":true,"href":"https:\/\/cmalaw.com\/homolog\/wp-json\/wp\/v2\/pages\/55"}],"wp:attachment":[{"href":"https:\/\/cmalaw.com\/homolog\/wp-json\/wp\/v2\/media?parent=5657"}],"curies":[{"name":"wp","href":"https:\/\/api.w.org\/{rel}","templated":true}]}}