{"id":5660,"date":"2021-06-24T16:14:26","date_gmt":"2021-06-24T19:14:26","guid":{"rendered":"https:\/\/cmalaw.com\/?page_id=5660"},"modified":"2025-07-23T18:10:53","modified_gmt":"2025-07-23T21:10:53","slug":"protecao-de-dados","status":"publish","type":"page","link":"https:\/\/cmalaw.com\/homolog\/areas-de-atuacao\/areas-de-pratica\/protecao-de-dados\/","title":{"rendered":"Prote\u00e7\u00e3o de Dados"},"content":{"rendered":"<p><span style=\"color: #081572;\"><strong><i>No CMA consideramos fundamental a melhor gest\u00e3o de ativos imateriais. Estes s\u00e3o cada vez mais estrat\u00e9gicos para as organiza\u00e7\u00f5es.<\/i><\/strong><\/span><\/p>\n<p>A competitividade exige pr\u00e1ticas para prote\u00e7\u00e3o de dados, marcas, tecnologias e outros direitos de exclusividade associados ao neg\u00f3cio.<\/p>\n<p>Nosso escrit\u00f3rio atua na assessoria jur\u00eddica em quest\u00f5es como Propriedade Industrial, Direitos Autorais, Software, Prote\u00e7\u00e3o de Dados, Direito Digital e do Entretenimento, oferecendo suporte legal eficaz nas mais variadas oportunidades comerciais e concorrenciais em que o empres\u00e1rio deseje investir \u2013 tanto no Brasil, quanto no exterior.<\/p>\n<p><strong>A nossa atua\u00e7\u00e3o, na \u00e1rea de propriedade intelectual e prote\u00e7\u00e3o de dados, tem como destaque os seguintes servi\u00e7os de assessoria:\u00a0<\/strong><\/p>\n<ul>\n<li>Projeto de adequa\u00e7\u00e3o de sociedades \u00e0 nova lei geral de prote\u00e7\u00e3o de dados (\u201cLGPD\u201d), incluindo treinamento, mapeamento e identificando as lacunas (gaps) e plano de a\u00e7\u00e3o;<\/li>\n<li>Desenvolvimento e revis\u00e3o de pol\u00edticas de privacidade, termos de uso, cookies, bem como outros documentos e procedimentos relacionados \u00e0 LGPD;<\/li>\n<li>Elabora\u00e7\u00e3o e negocia\u00e7\u00e3o de contratos de processamento de dados com terceiros;<\/li>\n<li>An\u00e1lise das posi\u00e7\u00f5es de controlador e operador de dados;<\/li>\n<li>Resolu\u00e7\u00e3o de conflitos judiciais em rela\u00e7\u00e3o \u00e0 prote\u00e7\u00e3o de dados.<\/li>\n<li>Consultoria sobre o \u201cEncarregado de Prote\u00e7\u00e3o de Dados\u201d.<\/li>\n<\/ul>\n","protected":false},"excerpt":{"rendered":"<p>No CMA consideramos fundamental a melhor gest\u00e3o de ativos imateriais. Estes s\u00e3o cada vez mais estrat\u00e9gicos para as organiza\u00e7\u00f5es. A competitividade exige pr\u00e1ticas para prote\u00e7\u00e3o de dados, marcas, tecnologias e outros direitos de exclusividade associados ao neg\u00f3cio. Nosso escrit\u00f3rio atua na assessoria jur\u00eddica em quest\u00f5es como Propriedade Industrial, Direitos Autorais, Software, Prote\u00e7\u00e3o de Dados, Direito [&hellip;]<\/p>\n","protected":false},"author":14,"featured_media":0,"parent":55,"menu_order":0,"comment_status":"closed","ping_status":"closed","template":"page-area-atuacao.php","meta":{"_acf_changed":false,"footnotes":""},"class_list":["post-5660","page","type-page","status-publish","hentry"],"acf":[],"_links":{"self":[{"href":"https:\/\/cmalaw.com\/homolog\/wp-json\/wp\/v2\/pages\/5660","targetHints":{"allow":["GET"]}}],"collection":[{"href":"https:\/\/cmalaw.com\/homolog\/wp-json\/wp\/v2\/pages"}],"about":[{"href":"https:\/\/cmalaw.com\/homolog\/wp-json\/wp\/v2\/types\/page"}],"author":[{"embeddable":true,"href":"https:\/\/cmalaw.com\/homolog\/wp-json\/wp\/v2\/users\/14"}],"replies":[{"embeddable":true,"href":"https:\/\/cmalaw.com\/homolog\/wp-json\/wp\/v2\/comments?post=5660"}],"version-history":[{"count":5,"href":"https:\/\/cmalaw.com\/homolog\/wp-json\/wp\/v2\/pages\/5660\/revisions"}],"predecessor-version":[{"id":16591,"href":"https:\/\/cmalaw.com\/homolog\/wp-json\/wp\/v2\/pages\/5660\/revisions\/16591"}],"up":[{"embeddable":true,"href":"https:\/\/cmalaw.com\/homolog\/wp-json\/wp\/v2\/pages\/55"}],"wp:attachment":[{"href":"https:\/\/cmalaw.com\/homolog\/wp-json\/wp\/v2\/media?parent=5660"}],"curies":[{"name":"wp","href":"https:\/\/api.w.org\/{rel}","templated":true}]}}