{"id":5663,"date":"2021-06-24T16:15:34","date_gmt":"2021-06-24T19:15:34","guid":{"rendered":"https:\/\/cmalaw.com\/?page_id=5663"},"modified":"2025-11-07T16:11:42","modified_gmt":"2025-11-07T19:11:42","slug":"societario","status":"publish","type":"page","link":"https:\/\/cmalaw.com\/homolog\/areas-de-atuacao\/areas-de-pratica\/societario\/","title":{"rendered":"Societ\u00e1rio"},"content":{"rendered":"<p><span style=\"color: #081572;\"><i><strong>O CMA tem uma atua\u00e7\u00e3o reconhecida pelas principais publica\u00e7\u00f5es que ranqueiam escrit\u00f3rios e advogados com base na opini\u00e3o de clientes. Somos um dos escrit\u00f3rios mais admirados do pa\u00eds em Societ\u00e1rio.<\/strong> <\/i><\/span><\/p>\n<p>Nosso time assessora clientes nacionais e estrangeiros na constitui\u00e7\u00e3o de sociedades, condu\u00e7\u00e3o de seus neg\u00f3cios no Brasil, bem como em reorganiza\u00e7\u00f5es societ\u00e1rias, incluindo fus\u00f5es, cis\u00f5es e incorpora\u00e7\u00f5es.<\/p>\n<p>Prestamos assessoria em todos os aspectos societ\u00e1rios, para companhias abertas e fechadas, com a elabora\u00e7\u00e3o de documentos societ\u00e1rios em observ\u00e2ncia \u00e0 legisla\u00e7\u00e3o aplic\u00e1vel e cumprimento de obriga\u00e7\u00f5es junto \u00e0 CVM.<\/p>\n<p><strong>Dentre os servi\u00e7os prestados na \u00e1rea societ\u00e1ria, destacamos:<\/strong><\/p>\n<ul>\n<li>Planejamento e estrutura\u00e7\u00e3o de neg\u00f3cios e atividades empresariais;<\/li>\n<li>Reorganiza\u00e7\u00f5es societ\u00e1rias, incluindo fus\u00f5es, incorpora\u00e7\u00f5es, e cis\u00f5es, dentre outras;<\/li>\n<li>Organiza\u00e7\u00e3o de joint ventures, cons\u00f3rcios, associa\u00e7\u00f5es, funda\u00e7\u00f5es, parcerias e outras formas de organiza\u00e7\u00e3o e explora\u00e7\u00e3o de neg\u00f3cios, atividades e empreendimentos;<\/li>\n<li>Assessoria no dia a dia societ\u00e1rio de sociedades limitadas e companhias (abertas e fechadas), elabora\u00e7\u00e3o de contratos e respostas \u00e0s consultas relacionadas \u00e0 \u00e1rea societ\u00e1ria, elabora\u00e7\u00e3o de atos societ\u00e1rios (incluindo para abertura e encerramento de sociedades), e cumprimento da legisla\u00e7\u00e3o aplic\u00e1vel;<\/li>\n<li>Participa\u00e7\u00e3o ou condu\u00e7\u00e3o de leil\u00f5es privados;<\/li>\n<li>Compra e venda de participa\u00e7\u00e3o societ\u00e1ria ou de ativos;<\/li>\n<li>Opera\u00e7\u00f5es envolvendo a realiza\u00e7\u00e3o ou o recebimento de investimentos;<\/li>\n<li>Private equity e venture capital;<\/li>\n<li>Defini\u00e7\u00e3o e aperfei\u00e7oamento de governan\u00e7a corporativa;<\/li>\n<li>Assessoria a clientes nacionais e estrangeiros para condu\u00e7\u00e3o de seus neg\u00f3cios no Brasil;<\/li>\n<li>Cumprimento de obriga\u00e7\u00f5es junto \u00e0 CVM.<\/li>\n<\/ul>\n","protected":false},"excerpt":{"rendered":"<p>O CMA tem uma atua\u00e7\u00e3o reconhecida pelas principais publica\u00e7\u00f5es que ranqueiam escrit\u00f3rios e advogados com base na opini\u00e3o de clientes. Somos um dos escrit\u00f3rios mais admirados do pa\u00eds em Societ\u00e1rio. Nosso time assessora clientes nacionais e estrangeiros na constitui\u00e7\u00e3o de sociedades, condu\u00e7\u00e3o de seus neg\u00f3cios no Brasil, bem como em reorganiza\u00e7\u00f5es societ\u00e1rias, incluindo fus\u00f5es, cis\u00f5es [&hellip;]<\/p>\n","protected":false},"author":14,"featured_media":0,"parent":55,"menu_order":0,"comment_status":"closed","ping_status":"closed","template":"page-area-atuacao.php","meta":{"_acf_changed":false,"footnotes":""},"class_list":["post-5663","page","type-page","status-publish","hentry"],"acf":[],"_links":{"self":[{"href":"https:\/\/cmalaw.com\/homolog\/wp-json\/wp\/v2\/pages\/5663","targetHints":{"allow":["GET"]}}],"collection":[{"href":"https:\/\/cmalaw.com\/homolog\/wp-json\/wp\/v2\/pages"}],"about":[{"href":"https:\/\/cmalaw.com\/homolog\/wp-json\/wp\/v2\/types\/page"}],"author":[{"embeddable":true,"href":"https:\/\/cmalaw.com\/homolog\/wp-json\/wp\/v2\/users\/14"}],"replies":[{"embeddable":true,"href":"https:\/\/cmalaw.com\/homolog\/wp-json\/wp\/v2\/comments?post=5663"}],"version-history":[{"count":8,"href":"https:\/\/cmalaw.com\/homolog\/wp-json\/wp\/v2\/pages\/5663\/revisions"}],"predecessor-version":[{"id":17302,"href":"https:\/\/cmalaw.com\/homolog\/wp-json\/wp\/v2\/pages\/5663\/revisions\/17302"}],"up":[{"embeddable":true,"href":"https:\/\/cmalaw.com\/homolog\/wp-json\/wp\/v2\/pages\/55"}],"wp:attachment":[{"href":"https:\/\/cmalaw.com\/homolog\/wp-json\/wp\/v2\/media?parent=5663"}],"curies":[{"name":"wp","href":"https:\/\/api.w.org\/{rel}","templated":true}]}}