{"id":5667,"date":"2021-06-24T16:22:57","date_gmt":"2021-06-24T19:22:57","guid":{"rendered":"https:\/\/cmalaw.com\/?page_id=5667"},"modified":"2025-06-25T19:13:51","modified_gmt":"2025-06-25T22:13:51","slug":"venture-capital-2","status":"publish","type":"page","link":"https:\/\/cmalaw.com\/homolog\/areas-de-atuacao\/areas-de-pratica\/venture-capital-2\/","title":{"rendered":"Venture Capital e Corporate Venturing"},"content":{"rendered":"<p><span style=\"color: #081572;\"><strong><i>Oferecemos a nossos clientes uma pr\u00e1tica de venture capital e corporate <\/i><i>v<\/i><i>enturing que tem amadurecido ao longo dos anos e que tem sido muito bem considerada pelo mercado.<\/i><\/strong><\/span><\/p>\n<p>Prestamos\u00a0\u00a0\u00a0 assessoria\u00a0\u00a0\u00a0 a\u00a0\u00a0\u00a0 investidores\u00a0\u00a0\u00a0 brasileiros\u00a0\u00a0\u00a0 e estrangeiros,\u00a0 empresas\u00a0 de\u00a0 investimentos\u00a0 e\u00a0 empresas investidas nos mais diversos est\u00e1gios de maturidade, na estrutura\u00e7\u00e3o\u00a0 de\u00a0 transa\u00e7\u00f5es,\u00a0 neg\u00f3cios,\u00a0 investimentos\u00a0 e atividades corporativas, particularmente na \u00e1rea de M&amp;A, Venture\u00a0 Capital,\u00a0 Corporate\u00a0 Venturing\u00a0 e\u00a0 Private\u00a0 Equity, incluindo\u00a0 estrutura\u00e7\u00e3o\u00a0 de\u00a0 fundos\u00a0 de\u00a0 investimento\u00a0 ou ve\u00edculos de investimentos, aquisi\u00e7\u00f5es, desinvestimentos e monitoramento de empresas investidas.<\/p>\n<p><span style=\"color: #081572;\"><strong>Startup Venture Capital and M&amp;A<\/strong> <\/span><\/p>\n<p><b>Corporate Venturing<\/b><\/p>\n<p>Assessoramos diversas corpora\u00e7\u00f5es na estrutura\u00e7\u00e3o dos ve\u00edculos de investimento em startups, analisando a melhor estrutura do ponto de vista societ\u00e1rio e fiscal para que possam desenvolver suas iniciativas de corporate venturing.<\/p>\n<p>Tamb\u00e9m prestamos assessoria \u00e0s corpora\u00e7\u00f5es e startups na elabora\u00e7\u00e3o e negocia\u00e7\u00e3o dos documentos relacionados \u00e0s iniciativas de corporate venturing, seja atrav\u00e9s do investimento direto em equity (corporate venture capital), estabelecimento de joint ventures ou outros tipos de parceria, contratos de presta\u00e7\u00e3o de servi\u00e7os, fornecimento de produtos, etc.<\/p>\n<p><b>Reorganiza\u00e7\u00f5es Societ\u00e1rias<\/b><\/p>\n<p>Tamb\u00e9m prestamos assessoria jur\u00eddica \u00e0s startups nas reorganiza\u00e7\u00f5es societ\u00e1rias necess\u00e1rias (transforma\u00e7\u00e3o de sociedade limitada para uma sociedade an\u00f4nima, cria\u00e7\u00e3o de holding estrangeira para atrair investidores estrangeiros, etc.) para as capta\u00e7\u00f5es de investimentos.<\/p>\n<p><b>Rotina Societ\u00e1ria e Contratual<\/b><\/p>\n<p>Assessoramos as startups desde a defini\u00e7\u00e3o da melhor estrutura para o desenvolvimento de seus neg\u00f3cios at\u00e9 a elabora\u00e7\u00e3o dos mais diversos tipos de documentos societ\u00e1rios e contratos comerciais.<\/p>\n<p>Como escrit\u00f3rio full service, tamb\u00e9m prestamos assessoria na elabora\u00e7\u00e3o dos documentos relacionados \u00e0 contrata\u00e7\u00e3o e reten\u00e7\u00e3o de talentos das startups (<i>i.e<\/i>. contratos de <i>stock <\/i><i>option<\/i>), an\u00e1lise de riscos fiscais e trabalhistas e na implementa\u00e7\u00e3o de pol\u00edtica de prote\u00e7\u00e3o de dados e compliance com a legisla\u00e7\u00e3o aplic\u00e1vel.<\/p>\n<p><b>Venture Debt<\/b><\/p>\n<p>Assessoramos diversos clientes e investidores na emiss\u00e3o\/outorga de d\u00edvidas para capta\u00e7\u00e3o dos recursos necess\u00e1rios ao desenvolvimento de seus neg\u00f3cios.<\/p>\n<p>Como escrit\u00f3rio full service, tamb\u00e9m contamos com a atua\u00e7\u00e3o do nosso time banc\u00e1rio para as capta\u00e7\u00f5es envolvendo institui\u00e7\u00f5es financeiras reguladas (incluindo fintechs), bem como para os investimentos de venture capital realizados por institui\u00e7\u00f5es financeiras reguladas (i.e. bancos de investimento).<\/p>\n<p><b>Capta\u00e7\u00e3o de Recursos e Realiza\u00e7\u00e3o de Investimentos<\/b><\/p>\n<p>Assessoramos startups e investidores no processo de capta\u00e7\u00e3o\u00a0 de recursos\/realiza\u00e7\u00e3o de investimentos nos mais diversos est\u00e1gios de maturidade da empresa, ou seja, desde as primeiras rodadas de investimento at\u00e9 uma potencial opera\u00e7\u00e3o de venda.<\/p>\n<p>Neste contexto, auxiliamos os clientes na defini\u00e7\u00e3o da melhor estrutura de investimento, do ponto de vista fiscal e societ\u00e1rio, (seja via aporte de capital ou emiss\u00e3o de d\u00edvida), bem como na elabora\u00e7\u00e3o e negocia\u00e7\u00e3o de todos os documentos envolvidos\u00a0 na opera\u00e7\u00e3o.<\/p>\n<p>Como escrit\u00f3rio full service tamb\u00e9m assessoramos diversos clientes nas opera\u00e7\u00f5es de fus\u00f5es e aquisi\u00e7\u00f5es envolvendo startups e no processo de exit e em ofertas p\u00fablicas de a\u00e7\u00f5es.<\/p>\n<p><b>Expans\u00e3o Global <\/b><\/p>\n<p>Assessoramos as startups em sua expans\u00e3o para o Brasil, incluindo a constitui\u00e7\u00e3o de uma subsidi\u00e1ria brasileira, elabora\u00e7\u00e3o de contratos comerciais, planejamento tribut\u00e1rio e alternativas de contrata\u00e7\u00e3o.<\/p>\n","protected":false},"excerpt":{"rendered":"<p>Oferecemos a nossos clientes uma pr\u00e1tica de venture capital e corporate venturing que tem amadurecido ao longo dos anos e que tem sido muito bem considerada pelo mercado. Prestamos\u00a0\u00a0\u00a0 assessoria\u00a0\u00a0\u00a0 a\u00a0\u00a0\u00a0 investidores\u00a0\u00a0\u00a0 brasileiros\u00a0\u00a0\u00a0 e estrangeiros,\u00a0 empresas\u00a0 de\u00a0 investimentos\u00a0 e\u00a0 empresas investidas nos mais diversos est\u00e1gios de maturidade, na estrutura\u00e7\u00e3o\u00a0 de\u00a0 transa\u00e7\u00f5es,\u00a0 neg\u00f3cios,\u00a0 investimentos\u00a0 e atividades [&hellip;]<\/p>\n","protected":false},"author":14,"featured_media":0,"parent":55,"menu_order":0,"comment_status":"closed","ping_status":"closed","template":"page-area-atuacao.php","meta":{"_acf_changed":false,"footnotes":""},"class_list":["post-5667","page","type-page","status-publish","hentry"],"acf":[],"_links":{"self":[{"href":"https:\/\/cmalaw.com\/homolog\/wp-json\/wp\/v2\/pages\/5667","targetHints":{"allow":["GET"]}}],"collection":[{"href":"https:\/\/cmalaw.com\/homolog\/wp-json\/wp\/v2\/pages"}],"about":[{"href":"https:\/\/cmalaw.com\/homolog\/wp-json\/wp\/v2\/types\/page"}],"author":[{"embeddable":true,"href":"https:\/\/cmalaw.com\/homolog\/wp-json\/wp\/v2\/users\/14"}],"replies":[{"embeddable":true,"href":"https:\/\/cmalaw.com\/homolog\/wp-json\/wp\/v2\/comments?post=5667"}],"version-history":[{"count":5,"href":"https:\/\/cmalaw.com\/homolog\/wp-json\/wp\/v2\/pages\/5667\/revisions"}],"predecessor-version":[{"id":16489,"href":"https:\/\/cmalaw.com\/homolog\/wp-json\/wp\/v2\/pages\/5667\/revisions\/16489"}],"up":[{"embeddable":true,"href":"https:\/\/cmalaw.com\/homolog\/wp-json\/wp\/v2\/pages\/55"}],"wp:attachment":[{"href":"https:\/\/cmalaw.com\/homolog\/wp-json\/wp\/v2\/media?parent=5667"}],"curies":[{"name":"wp","href":"https:\/\/api.w.org\/{rel}","templated":true}]}}