{"id":72,"date":"2018-06-08T11:28:50","date_gmt":"2018-06-08T14:28:50","guid":{"rendered":"http:\/\/noblind.com.br\/clientes\/CMA\/site\/?page_id=72"},"modified":"2025-07-22T15:08:14","modified_gmt":"2025-07-22T18:08:14","slug":"contratos-comerciais","status":"publish","type":"page","link":"https:\/\/cmalaw.com\/homolog\/areas-de-atuacao\/areas-de-pratica\/contratos-comerciais\/","title":{"rendered":"Contratos Comerciais"},"content":{"rendered":"<p><span style=\"color: #081572;\"><i><strong>No dia a dia das atividades empresariais os contratos est\u00e3o presentes tanto na formaliza\u00e7\u00e3o de opera\u00e7\u00f5es quanto na gest\u00e3o de projetos.<\/strong> <\/i><\/span><\/p>\n<p>Entendemos que esta \u00e1rea de assessoria jur\u00eddica possui um papel essencial junto aos clientes, o qual n\u00e3o apenas viabiliza a formaliza\u00e7\u00e3o e implemento de seus neg\u00f3cios, como tamb\u00e9m visa a assegurar condutas em conformidade legal, minimizar riscos e conflitos, garantir previsibilidade e proteger interesses, contribuindo continuamente para o seu crescimento.<\/p>\n<p>Esta \u00e9 mais uma \u00e1rea em que o CMA assessora empresas de diversos setores do mercado.<\/p>\n<p>Entre os principais servi\u00e7os da nossa assessoria destacamos:<\/p>\n<ul>\n<li>Negocia\u00e7\u00f5es e celebra\u00e7\u00f5es de contratos comerciais (clientes e fornecedores) locais ou internacionais, incluindo contratos de distribui\u00e7\u00e3o, ag\u00eancia, fornecimento e servi\u00e7os;<\/li>\n<li>Consultoria, procedimentos de importa\u00e7\u00e3o e exporta\u00e7\u00e3o, bem como normas locais e internacionais;<\/li>\n<li>Orienta\u00e7\u00e3o a empresas em geral, locais ou estrangeiras, em assuntos relacionados \u00e0 regulamenta\u00e7\u00e3o do com\u00e9rcio nacional e internacional de bens, servi\u00e7os e tecnologia;<\/li>\n<li>An\u00e1lise, negocia\u00e7\u00f5es e celebra\u00e7\u00f5es de contratos relacionados \u00e0 gest\u00e3o de projetos, incluindo O&amp;M e EPC, tendo o escrit\u00f3rio, inclusive, prestado servi\u00e7os de <i>secondment<\/i> especificamente em rela\u00e7\u00e3o a tais contratos e projetos.<\/li>\n<\/ul>\n","protected":false},"excerpt":{"rendered":"<p>No dia a dia das atividades empresariais os contratos est\u00e3o presentes tanto na formaliza\u00e7\u00e3o de opera\u00e7\u00f5es quanto na gest\u00e3o de projetos. Entendemos que esta \u00e1rea de assessoria jur\u00eddica possui um papel essencial junto aos clientes, o qual n\u00e3o apenas viabiliza a formaliza\u00e7\u00e3o e implemento de seus neg\u00f3cios, como tamb\u00e9m visa a assegurar condutas em conformidade [&hellip;]<\/p>\n","protected":false},"author":14,"featured_media":0,"parent":55,"menu_order":0,"comment_status":"closed","ping_status":"closed","template":"page-area-atuacao.php","meta":{"_acf_changed":false,"footnotes":""},"class_list":["post-72","page","type-page","status-publish","hentry"],"acf":[],"_links":{"self":[{"href":"https:\/\/cmalaw.com\/homolog\/wp-json\/wp\/v2\/pages\/72","targetHints":{"allow":["GET"]}}],"collection":[{"href":"https:\/\/cmalaw.com\/homolog\/wp-json\/wp\/v2\/pages"}],"about":[{"href":"https:\/\/cmalaw.com\/homolog\/wp-json\/wp\/v2\/types\/page"}],"author":[{"embeddable":true,"href":"https:\/\/cmalaw.com\/homolog\/wp-json\/wp\/v2\/users\/14"}],"replies":[{"embeddable":true,"href":"https:\/\/cmalaw.com\/homolog\/wp-json\/wp\/v2\/comments?post=72"}],"version-history":[{"count":6,"href":"https:\/\/cmalaw.com\/homolog\/wp-json\/wp\/v2\/pages\/72\/revisions"}],"predecessor-version":[{"id":16583,"href":"https:\/\/cmalaw.com\/homolog\/wp-json\/wp\/v2\/pages\/72\/revisions\/16583"}],"up":[{"embeddable":true,"href":"https:\/\/cmalaw.com\/homolog\/wp-json\/wp\/v2\/pages\/55"}],"wp:attachment":[{"href":"https:\/\/cmalaw.com\/homolog\/wp-json\/wp\/v2\/media?parent=72"}],"curies":[{"name":"wp","href":"https:\/\/api.w.org\/{rel}","templated":true}]}}