{"id":75,"date":"2018-06-08T11:29:46","date_gmt":"2018-06-08T14:29:46","guid":{"rendered":"http:\/\/noblind.com.br\/clientes\/CMA\/site\/?page_id=75"},"modified":"2025-07-22T14:30:42","modified_gmt":"2025-07-22T17:30:42","slug":"direito-bancario-financiamento-e-infraestutura","status":"publish","type":"page","link":"https:\/\/cmalaw.com\/homolog\/areas-de-atuacao\/areas-de-pratica\/direito-bancario-financiamento-e-infraestutura\/","title":{"rendered":"Banc\u00e1rio e Financiamento"},"content":{"rendered":"<p><span style=\"color: #081572;\"><strong><i>Contamos com especialistas em mercado financeiro e de capitais, o que possibilita assessorar clientes de modo estrat\u00e9gico. <\/i><\/strong><\/span><\/p>\n<p>Nossa atua\u00e7\u00e3o prioriza o atendimento personalizado aos clientes em opera\u00e7\u00f5es de d\u00edvida e regulat\u00f3rio do Banco Central e da CVM, atrav\u00e9s de uma estrutura full service do CMA e de uma equipe especializada e experiente.<\/p>\n<p>A legisla\u00e7\u00e3o banc\u00e1ria e de mercado de capitais aprimora-se diariamente, exigindo um conhecimento sempre atualizado, por parte dos profissionais de assessoria jur\u00eddica, sobre regula\u00e7\u00e3o nacional e internacional. Uma pr\u00e1tica que requer uma aten\u00e7\u00e3o constante ao desenvolvimento do mercado e seus impactos jur\u00eddicos e negociais para fornecer ao cliente uma compreens\u00e3o abrangente, algo que o CMA desenvolve com alto n\u00edvel de especializa\u00e7\u00e3o.<\/p>\n<p><span style=\"color: #333333;\">Atendemos uma diversidade de empresas dos mais variados setores. <\/span><\/p>\n<p><span style=\"color: #333333;\"><strong>Entre os principais servi\u00e7os da nossa assessoria destacamos:<\/strong><\/span><\/p>\n<ul>\n<li>Contratos de empr\u00e9stimo bilaterais e sindicalizados;<\/li>\n<li>Financiamento de projetos de infraestrutura e outros;<\/li>\n<li>Aquisi\u00e7\u00f5es alavancadas (<i>leveraged<\/i> <i>buyouts<\/i>) e outras modalidades de financiamento de aquisi\u00e7\u00f5es;<\/li>\n<li>Opera\u00e7\u00f5es estruturadas;<\/li>\n<li>Cartas de cr\u00e9dito banc\u00e1rio e outros instrumentos de d\u00edvida;<\/li>\n<li>D\u00edvidas subordinadas, linha de cr\u00e9dito mezanino e outras opera\u00e7\u00f5es de capital regulat\u00f3rio;<\/li>\n<li>Financiamentos para importa\u00e7\u00e3o e exporta\u00e7\u00e3o;<\/li>\n<li>Linhas de cr\u00e9dito s\u00eanior, com ou sem garantia real;<\/li>\n<li>Ofertas de a\u00e7\u00f5es e t\u00edtulos de d\u00edvidas de emissores brasileiros, privados e governamentais, no Brasil e no exterior;<\/li>\n<li>Venda de carteiras de cr\u00e9dito, inadimplidos ou n\u00e3o;<\/li>\n<li>Opera\u00e7\u00f5es de derivativos e tesouraria;<\/li>\n<li>Reestrutura\u00e7\u00e3o de d\u00edvidas e <i>liability<\/i> <i>management<\/i>;<\/li>\n<li>Securitiza\u00e7\u00e3o lastreada em ativos e opera\u00e7\u00f5es conexas.<\/li>\n<\/ul>\n","protected":false},"excerpt":{"rendered":"<p>Contamos com especialistas em mercado financeiro e de capitais, o que possibilita assessorar clientes de modo estrat\u00e9gico. Nossa atua\u00e7\u00e3o prioriza o atendimento personalizado aos clientes em opera\u00e7\u00f5es de d\u00edvida e regulat\u00f3rio do Banco Central e da CVM, atrav\u00e9s de uma estrutura full service do CMA e de uma equipe especializada e experiente. A legisla\u00e7\u00e3o banc\u00e1ria [&hellip;]<\/p>\n","protected":false},"author":14,"featured_media":0,"parent":55,"menu_order":0,"comment_status":"closed","ping_status":"closed","template":"page-area-atuacao.php","meta":{"_acf_changed":false,"footnotes":""},"class_list":["post-75","page","type-page","status-publish","hentry"],"acf":[],"_links":{"self":[{"href":"https:\/\/cmalaw.com\/homolog\/wp-json\/wp\/v2\/pages\/75","targetHints":{"allow":["GET"]}}],"collection":[{"href":"https:\/\/cmalaw.com\/homolog\/wp-json\/wp\/v2\/pages"}],"about":[{"href":"https:\/\/cmalaw.com\/homolog\/wp-json\/wp\/v2\/types\/page"}],"author":[{"embeddable":true,"href":"https:\/\/cmalaw.com\/homolog\/wp-json\/wp\/v2\/users\/14"}],"replies":[{"embeddable":true,"href":"https:\/\/cmalaw.com\/homolog\/wp-json\/wp\/v2\/comments?post=75"}],"version-history":[{"count":10,"href":"https:\/\/cmalaw.com\/homolog\/wp-json\/wp\/v2\/pages\/75\/revisions"}],"predecessor-version":[{"id":16579,"href":"https:\/\/cmalaw.com\/homolog\/wp-json\/wp\/v2\/pages\/75\/revisions\/16579"}],"up":[{"embeddable":true,"href":"https:\/\/cmalaw.com\/homolog\/wp-json\/wp\/v2\/pages\/55"}],"wp:attachment":[{"href":"https:\/\/cmalaw.com\/homolog\/wp-json\/wp\/v2\/media?parent=75"}],"curies":[{"name":"wp","href":"https:\/\/api.w.org\/{rel}","templated":true}]}}