{"id":7628,"date":"2022-02-25T16:07:36","date_gmt":"2022-02-25T19:07:36","guid":{"rendered":"https:\/\/cmalaw.com\/?page_id=7628"},"modified":"2025-02-06T16:23:55","modified_gmt":"2025-02-06T19:23:55","slug":"portos-e-maritimo","status":"publish","type":"page","link":"https:\/\/cmalaw.com\/homolog\/areas-de-atuacao\/setores\/portos-e-maritimo\/","title":{"rendered":"Portos e Mar\u00edtimo"},"content":{"rendered":"<p><span style=\"font-weight: 400;\">Nossa equipe de Portos e Mar\u00edtimo atua no contexto de um escrit\u00f3rio de advocacia mundialmente integrado. Poucos escrit\u00f3rios internacionais oferecem a amplitude de cobertura de temas e o alcance geogr\u00e1fico do nosso time.\u00a0<\/span><\/p>\n<p><span style=\"font-weight: 400;\">Os advogados e as advogadas da nossa equipe s\u00e3o especialistas nas \u00e1reas de regulat\u00f3rio mar\u00edtimo, financiamento naval, direito p\u00fablico, resolu\u00e7\u00e3o de disputas, meio ambiente, seguros, projetos de GNL e regula\u00e7\u00e3o de infraestrutura. Prestamos servi\u00e7os jur\u00eddicos altamente sofisticados aos diversos players do mercado.<\/span><\/p>\n<p><span style=\"font-weight: 400;\">Por meio da nossa coopera\u00e7\u00e3o com o DLA Piper, tamb\u00e9m reunimos talentos de nossas equipes de navega\u00e7\u00e3o internacionalmente reconhecidas, que incluem advogados e advogadas de v\u00e1rios escrit\u00f3rios em todo o mundo, com ampla experi\u00eancia em importantes portos e polos mar\u00edtimos, como China, pa\u00edses n\u00f3rdicos, Hong Kong, Singapura, Londres e Estados Unidos.<\/span><\/p>\n<p>&nbsp;<\/p>\n<p><b>Nossos servi\u00e7os:<\/b><\/p>\n<ul>\n<li aria-level=\"1\"><b>Regulat\u00f3rio Mar\u00edtimo<\/b><\/li>\n<\/ul>\n<ul>\n<li aria-level=\"1\"><b>Portos e Terminais<\/b><\/li>\n<\/ul>\n<ul>\n<li aria-level=\"1\"><b>Projetos de GNL<\/b><\/li>\n<\/ul>\n<ul>\n<li aria-level=\"1\"><b>Financiamento Naval<\/b><\/li>\n<\/ul>\n<ul>\n<li aria-level=\"1\"><b>Contencioso Mar\u00edtimo<\/b><\/li>\n<\/ul>\n<p>&nbsp;<\/p>\n","protected":false},"excerpt":{"rendered":"<p>Nossa equipe de Portos e Mar\u00edtimo atua no contexto de um escrit\u00f3rio de advocacia mundialmente integrado. Poucos escrit\u00f3rios internacionais oferecem a amplitude de cobertura de temas e o alcance geogr\u00e1fico do nosso time.\u00a0 Os advogados e as advogadas da nossa equipe s\u00e3o especialistas nas \u00e1reas de regulat\u00f3rio mar\u00edtimo, financiamento naval, direito p\u00fablico, resolu\u00e7\u00e3o de disputas, [&hellip;]<\/p>\n","protected":false},"author":14,"featured_media":0,"parent":243,"menu_order":0,"comment_status":"closed","ping_status":"closed","template":"page-area-atuacao.php","meta":{"_acf_changed":false,"footnotes":""},"class_list":["post-7628","page","type-page","status-publish","hentry"],"acf":[],"_links":{"self":[{"href":"https:\/\/cmalaw.com\/homolog\/wp-json\/wp\/v2\/pages\/7628","targetHints":{"allow":["GET"]}}],"collection":[{"href":"https:\/\/cmalaw.com\/homolog\/wp-json\/wp\/v2\/pages"}],"about":[{"href":"https:\/\/cmalaw.com\/homolog\/wp-json\/wp\/v2\/types\/page"}],"author":[{"embeddable":true,"href":"https:\/\/cmalaw.com\/homolog\/wp-json\/wp\/v2\/users\/14"}],"replies":[{"embeddable":true,"href":"https:\/\/cmalaw.com\/homolog\/wp-json\/wp\/v2\/comments?post=7628"}],"version-history":[{"count":3,"href":"https:\/\/cmalaw.com\/homolog\/wp-json\/wp\/v2\/pages\/7628\/revisions"}],"predecessor-version":[{"id":16075,"href":"https:\/\/cmalaw.com\/homolog\/wp-json\/wp\/v2\/pages\/7628\/revisions\/16075"}],"up":[{"embeddable":true,"href":"https:\/\/cmalaw.com\/homolog\/wp-json\/wp\/v2\/pages\/243"}],"wp:attachment":[{"href":"https:\/\/cmalaw.com\/homolog\/wp-json\/wp\/v2\/media?parent=7628"}],"curies":[{"name":"wp","href":"https:\/\/api.w.org\/{rel}","templated":true}]}}