{"id":82,"date":"2018-06-08T11:30:37","date_gmt":"2018-06-08T14:30:37","guid":{"rendered":"http:\/\/noblind.com.br\/clientes\/CMA\/site\/?page_id=82"},"modified":"2025-10-08T09:34:32","modified_gmt":"2025-10-08T12:34:32","slug":"imobiliario-2","status":"publish","type":"page","link":"https:\/\/cmalaw.com\/homolog\/areas-de-atuacao\/areas-de-pratica\/imobiliario-2\/","title":{"rendered":"Imobili\u00e1rio"},"content":{"rendered":"<p><span style=\"color: #081572;\"><strong><i>No CMA estamos aptos a oferecer uma an\u00e1lise completa e precisa das poss\u00edveis estruturas legais para o desenvolvimento de projetos imobili\u00e1rios de diversos setores da economia: constru\u00e7\u00e3o e infraestrutura, hotelaria e lazer, incorpora\u00e7\u00e3o imobili\u00e1ria e loteamentos, implanta\u00e7\u00e3o de plantas industriais e empreendimentos log\u00edsticos, dentre outros.<\/i><\/strong><\/span><\/p>\n<p>Nosso time atua na presta\u00e7\u00e3o de servi\u00e7os completos e que envolvem as mais variadas opera\u00e7\u00f5es imobili\u00e1rias, tais como:<\/p>\n<ul>\n<li>Estrutura\u00e7\u00e3o de empreendimentos imobili\u00e1rios de grande complexidade, incorpora\u00e7\u00f5es, condom\u00ednios e loteamentos (urbanos ou rurais);<\/li>\n<li>Estrutura\u00e7\u00e3o de shopping centers, complexos hoteleiros, parques de divers\u00f5es e empreendimentos na \u00e1rea de lazer e entretenimento;<\/li>\n<li>Elabora\u00e7\u00e3o de instrumentos de compra e venda, permuta, da\u00e7\u00e3o em pagamento, constitui\u00e7\u00e3o de hipotecas, aliena\u00e7\u00e3o fiduci\u00e1ria de bem im\u00f3vel em garantia e direito real de superf\u00edcie, dentre outros;<\/li>\n<li>Elabora\u00e7\u00e3o de contratos de loca\u00e7\u00e3o, <i>built-to-suit<\/i>, <i>sale<\/i> and <i>lease<\/i> <i>back<\/i>, direito de superf\u00edcie e constru\u00e7\u00e3o;<\/li>\n<li>Realiza\u00e7\u00e3o de auditorias imobili\u00e1rias;<\/li>\n<li>Estrutura\u00e7\u00e3o de joint ventures e cons\u00f3rcios para atuar no setor imobili\u00e1rio;<\/li>\n<li>Elabora\u00e7\u00e3o de estudos e pareceres sobre os mais diversos temas imobili\u00e1rios;<\/li>\n<li>Desenvolvimento de opera\u00e7\u00f5es de securitiza\u00e7\u00e3o de receb\u00edveis imobili\u00e1rios, emiss\u00e3o de deb\u00eantures imobili\u00e1rias e cria\u00e7\u00e3o de fundos de investimento imobili\u00e1rio.<\/li>\n<\/ul>\n","protected":false},"excerpt":{"rendered":"<p>No CMA estamos aptos a oferecer uma an\u00e1lise completa e precisa das poss\u00edveis estruturas legais para o desenvolvimento de projetos imobili\u00e1rios de diversos setores da economia: constru\u00e7\u00e3o e infraestrutura, hotelaria e lazer, incorpora\u00e7\u00e3o imobili\u00e1ria e loteamentos, implanta\u00e7\u00e3o de plantas industriais e empreendimentos log\u00edsticos, dentre outros. Nosso time atua na presta\u00e7\u00e3o de servi\u00e7os completos e que [&hellip;]<\/p>\n","protected":false},"author":14,"featured_media":0,"parent":55,"menu_order":0,"comment_status":"closed","ping_status":"closed","template":"page-area-atuacao.php","meta":{"_acf_changed":false,"footnotes":""},"class_list":["post-82","page","type-page","status-publish","hentry"],"acf":[],"_links":{"self":[{"href":"https:\/\/cmalaw.com\/homolog\/wp-json\/wp\/v2\/pages\/82","targetHints":{"allow":["GET"]}}],"collection":[{"href":"https:\/\/cmalaw.com\/homolog\/wp-json\/wp\/v2\/pages"}],"about":[{"href":"https:\/\/cmalaw.com\/homolog\/wp-json\/wp\/v2\/types\/page"}],"author":[{"embeddable":true,"href":"https:\/\/cmalaw.com\/homolog\/wp-json\/wp\/v2\/users\/14"}],"replies":[{"embeddable":true,"href":"https:\/\/cmalaw.com\/homolog\/wp-json\/wp\/v2\/comments?post=82"}],"version-history":[{"count":7,"href":"https:\/\/cmalaw.com\/homolog\/wp-json\/wp\/v2\/pages\/82\/revisions"}],"predecessor-version":[{"id":17103,"href":"https:\/\/cmalaw.com\/homolog\/wp-json\/wp\/v2\/pages\/82\/revisions\/17103"}],"up":[{"embeddable":true,"href":"https:\/\/cmalaw.com\/homolog\/wp-json\/wp\/v2\/pages\/55"}],"wp:attachment":[{"href":"https:\/\/cmalaw.com\/homolog\/wp-json\/wp\/v2\/media?parent=82"}],"curies":[{"name":"wp","href":"https:\/\/api.w.org\/{rel}","templated":true}]}}