{"id":87,"date":"2018-06-08T11:32:09","date_gmt":"2018-06-08T14:32:09","guid":{"rendered":"http:\/\/noblind.com.br\/clientes\/CMA\/site\/?page_id=87"},"modified":"2025-07-23T18:10:08","modified_gmt":"2025-07-23T21:10:08","slug":"propriedade-intelectual","status":"publish","type":"page","link":"https:\/\/cmalaw.com\/homolog\/areas-de-atuacao\/areas-de-pratica\/propriedade-intelectual\/","title":{"rendered":"Propriedade Intelectual"},"content":{"rendered":"<p><span style=\"color: #081572;\"><strong><i>No CMA consideramos fundamental a melhor gest\u00e3o de ativos imateriais. Estes s\u00e3o cada vez mais estrat\u00e9gicos para as organiza\u00e7\u00f5es.<\/i><\/strong><\/span><\/p>\r\n<p>A competitividade exige pr\u00e1ticas para prote\u00e7\u00e3o de dados, marcas, tecnologias e outros direitos de exclusividade associados ao neg\u00f3cio.<\/p>\r\n<p>Nosso escrit\u00f3rio atua na assessoria jur\u00eddica em quest\u00f5es como Propriedade Industrial, Direitos Autorais, Software, Prote\u00e7\u00e3o de Dados, Direito Digital e do Entretenimento, oferecendo suporte legal eficaz nas mais variadas oportunidades comerciais e concorrenciais em que o empres\u00e1rio deseje investir \u2013 tanto no Brasil, quanto no exterior.<\/p>\r\n\r\n<p>A nossa atua\u00e7\u00e3o, na \u00e1rea de propriedade intelectual e prote\u00e7\u00e3o de dados, tem como destaque os seguintes servi\u00e7os de assessoria:<\/p>\r\n<p><span style=\"color: #081572;\"><b>Marcas, Patentes, Direitos Autorais, Software<\/b><\/span><\/p>\r\n<ul>\r\n<li>Registros de marcas, patentes, desenhos Industriais e software perante o Instituto Nacional da Propriedade Industrial \u2013 INPI, incluindo buscas pr\u00e9vias, bem como a ado\u00e7\u00e3o e condu\u00e7\u00e3o dos processos na esfera administrativa, desde o dep\u00f3sito at\u00e9 a concess\u00e3o e manuten\u00e7\u00e3o dos respectivos registros;<\/li>\r\n<li>Elabora\u00e7\u00e3o e negocia\u00e7\u00e3o de contratos de cess\u00e3o, licenciamento e transfer\u00eancia de Tecnologia, envolvendo marcas, patentes, direitos autorais, software, inclusive seu perante o INPI;<\/li>\r\n<li>Elabora\u00e7\u00e3o e negocia\u00e7\u00e3o de contratos de franquia, inclusive seu registro perante o INPI;\u00a0<\/li>\r\n<li>Registros de Nomes de Dom\u00ednio e eventuais disputas relacionadas;<\/li>\r\n<li>Consultoria em direitos da propriedade intelectual e da personalidade;<\/li>\r\n<li>Registros de nomes de dom\u00ednio e eventuais disputas;<\/li>\r\n<li>Resolu\u00e7\u00e3o de conflitos, seja na via judicial ou arbitral em rela\u00e7\u00e3o a todos os bens de propriedade intelectual.<\/li>\r\n<li>Dilig\u00eancia e an\u00e1lise de ativos em opera\u00e7\u00f5es de fus\u00f5es e aquisi\u00e7\u00f5es.\u00a0<\/li>\r\n<\/ul>\r\n","protected":false},"excerpt":{"rendered":"<p>No CMA consideramos fundamental a melhor gest\u00e3o de ativos imateriais. Estes s\u00e3o cada vez mais estrat\u00e9gicos para as organiza\u00e7\u00f5es. A competitividade exige pr\u00e1ticas para prote\u00e7\u00e3o de dados, marcas, tecnologias e outros direitos de exclusividade associados ao neg\u00f3cio. Nosso escrit\u00f3rio atua na assessoria jur\u00eddica em quest\u00f5es como Propriedade Industrial, Direitos Autorais, Software, Prote\u00e7\u00e3o de Dados, Direito [&hellip;]<\/p>\n","protected":false},"author":14,"featured_media":0,"parent":55,"menu_order":0,"comment_status":"closed","ping_status":"closed","template":"page-area-atuacao.php","meta":{"_acf_changed":false,"footnotes":""},"class_list":["post-87","page","type-page","status-publish","hentry"],"acf":[],"_links":{"self":[{"href":"https:\/\/cmalaw.com\/homolog\/wp-json\/wp\/v2\/pages\/87","targetHints":{"allow":["GET"]}}],"collection":[{"href":"https:\/\/cmalaw.com\/homolog\/wp-json\/wp\/v2\/pages"}],"about":[{"href":"https:\/\/cmalaw.com\/homolog\/wp-json\/wp\/v2\/types\/page"}],"author":[{"embeddable":true,"href":"https:\/\/cmalaw.com\/homolog\/wp-json\/wp\/v2\/users\/14"}],"replies":[{"embeddable":true,"href":"https:\/\/cmalaw.com\/homolog\/wp-json\/wp\/v2\/comments?post=87"}],"version-history":[{"count":7,"href":"https:\/\/cmalaw.com\/homolog\/wp-json\/wp\/v2\/pages\/87\/revisions"}],"predecessor-version":[{"id":16590,"href":"https:\/\/cmalaw.com\/homolog\/wp-json\/wp\/v2\/pages\/87\/revisions\/16590"}],"up":[{"embeddable":true,"href":"https:\/\/cmalaw.com\/homolog\/wp-json\/wp\/v2\/pages\/55"}],"wp:attachment":[{"href":"https:\/\/cmalaw.com\/homolog\/wp-json\/wp\/v2\/media?parent=87"}],"curies":[{"name":"wp","href":"https:\/\/api.w.org\/{rel}","templated":true}]}}