{"id":90,"date":"2018-06-08T11:32:31","date_gmt":"2018-06-08T14:32:31","guid":{"rendered":"http:\/\/noblind.com.br\/clientes\/CMA\/site\/?page_id=90"},"modified":"2025-11-07T15:47:53","modified_gmt":"2025-11-07T18:47:53","slug":"private-wealth","status":"publish","type":"page","link":"https:\/\/cmalaw.com\/homolog\/areas-de-atuacao\/areas-de-pratica\/private-wealth\/","title":{"rendered":"Private Wealth"},"content":{"rendered":"<p><span style=\"color: #081572;\"><i><strong>Nosso time multidisciplinar atua para garantir que os clientes consigam atingir seus objetivos no gerenciamento, crescimento e na manuten\u00e7\u00e3o do patrim\u00f4nio.<\/strong> <\/i><\/span><\/p>\n<p>Reconhecido por uma atua\u00e7\u00e3o abrangente e especializada, o CMA, na \u00e1rea de Private Wealth, tem como objetivo central orientar pessoas f\u00edsicas com elevado patrim\u00f4nio, em quaisquer aspectos relacionados ao gerenciamento patrimonial.<\/p>\n<p>Trabalhamos juntos com fam\u00edlias brasileiras e estrangeiras, empresas, institui\u00e7\u00f5es financeiras e multi e single family offices. O alto n\u00edvel de especializa\u00e7\u00e3o dos profissionais permite atender necessidades relativas a todos os aspectos fiscais, sucess\u00f3rios, societ\u00e1rios e imobili\u00e1rios, de forma muito completa e pr\u00f3xima do cliente Private Wealth.<\/p>\n<p><strong>Assessoramos nossos clientes com os seguintes projetos:<\/strong><\/p>\n<ul>\n<li>Planejamento patrimonial, com alta expertise na \u00e1rea imobili\u00e1ria;<\/li>\n<li>Planejamento sucess\u00f3rio, visando a transfer\u00eancia e conserva\u00e7\u00e3o do patrim\u00f4nio entre gera\u00e7\u00f5es;<\/li>\n<li>Reestrutura\u00e7\u00e3o de ativos familiares e neg\u00f3cios, no Brasil e no exterior;<\/li>\n<li>Assessoria tribut\u00e1ria para gest\u00e3o de patrim\u00f4nio eficiente no Brasil e no exterior;<\/li>\n<li>Aux\u00edlio no cumprimento de obriga\u00e7\u00f5es acess\u00f3rias no Brasil e exterior (DIPF, DCBE, FATCA, CRS, etc).<\/li>\n<\/ul>\n","protected":false},"excerpt":{"rendered":"<p>Nosso time multidisciplinar atua para garantir que os clientes consigam atingir seus objetivos no gerenciamento, crescimento e na manuten\u00e7\u00e3o do patrim\u00f4nio. Reconhecido por uma atua\u00e7\u00e3o abrangente e especializada, o CMA, na \u00e1rea de Private Wealth, tem como objetivo central orientar pessoas f\u00edsicas com elevado patrim\u00f4nio, em quaisquer aspectos relacionados ao gerenciamento patrimonial. Trabalhamos juntos com [&hellip;]<\/p>\n","protected":false},"author":14,"featured_media":0,"parent":55,"menu_order":0,"comment_status":"closed","ping_status":"closed","template":"page-area-atuacao.php","meta":{"_acf_changed":false,"footnotes":""},"class_list":["post-90","page","type-page","status-publish","hentry"],"acf":[],"_links":{"self":[{"href":"https:\/\/cmalaw.com\/homolog\/wp-json\/wp\/v2\/pages\/90","targetHints":{"allow":["GET"]}}],"collection":[{"href":"https:\/\/cmalaw.com\/homolog\/wp-json\/wp\/v2\/pages"}],"about":[{"href":"https:\/\/cmalaw.com\/homolog\/wp-json\/wp\/v2\/types\/page"}],"author":[{"embeddable":true,"href":"https:\/\/cmalaw.com\/homolog\/wp-json\/wp\/v2\/users\/14"}],"replies":[{"embeddable":true,"href":"https:\/\/cmalaw.com\/homolog\/wp-json\/wp\/v2\/comments?post=90"}],"version-history":[{"count":5,"href":"https:\/\/cmalaw.com\/homolog\/wp-json\/wp\/v2\/pages\/90\/revisions"}],"predecessor-version":[{"id":17300,"href":"https:\/\/cmalaw.com\/homolog\/wp-json\/wp\/v2\/pages\/90\/revisions\/17300"}],"up":[{"embeddable":true,"href":"https:\/\/cmalaw.com\/homolog\/wp-json\/wp\/v2\/pages\/55"}],"wp:attachment":[{"href":"https:\/\/cmalaw.com\/homolog\/wp-json\/wp\/v2\/media?parent=90"}],"curies":[{"name":"wp","href":"https:\/\/api.w.org\/{rel}","templated":true}]}}