{"id":904,"date":"2018-06-21T15:06:37","date_gmt":"2018-06-21T18:06:37","guid":{"rendered":"http:\/\/noblind.com.br\/clientes\/CMA\/site\/?page_id=904"},"modified":"2025-07-22T14:26:51","modified_gmt":"2025-07-22T17:26:51","slug":"antitruste-e-concorrencial","status":"publish","type":"page","link":"https:\/\/cmalaw.com\/homolog\/areas-de-atuacao\/areas-de-pratica\/antitruste-e-concorrencial\/","title":{"rendered":"ANTITRUSTE E CONCORRENCIAL"},"content":{"rendered":"<h3 style=\"text-align: justify;\"><span style=\"color: #081572;\">Acreditamos que a defesa dos interesses de nossos clientes no curso regular de seus neg\u00f3cios est\u00e1 intimamente associada a uma assessoria abrangente focada na preven\u00e7\u00e3o.<\/span><\/h3>\n<p>O Conselho Administrativo de Defesa Econ\u00f4mica (CADE) tem atuado cada vez com mais rigor na an\u00e1lise de opera\u00e7\u00f5es de M&amp;A e forma\u00e7\u00e3o de joint-ventures e na investiga\u00e7\u00e3o de cart\u00e9is e condutas anticompetitivas.<\/p>\n<p>A identifica\u00e7\u00e3o pr\u00e9via de riscos permite \u00e0s empresas evitar problemas antitruste ou, at\u00e9 mesmo, anteciparem-se na negocia\u00e7\u00e3o de rem\u00e9dios com as autoridades, a fim de impedir e\/ou reduzir as rigorosas multas que v\u00eam sendo impostas pelas autoridades antitruste no Brasil.<\/p>\n<p>Atuamos preventiva e reativamente, desenvolvendo estrat\u00e9gias preventivas aptas a evitar exposi\u00e7\u00e3o e riscos antitruste aos nossos clientes.<\/p>\n<p><span style=\"color: #081572;\"><strong>A nossa extensa experi\u00eancia em Antitruste e Direito Concorrencial nos permite oferecer solu\u00e7\u00f5es seguras e inovadoras em todos os procedimentos do CADE: <\/strong><\/span><\/p>\n<ul>\n<li>An\u00e1lise de risco antitruste previa \u00e0 estrutura\u00e7\u00e3o de opera\u00e7\u00f5es de M&amp;A.<\/li>\n<li>Notifica\u00e7\u00e3o de opera\u00e7\u00f5es de transa\u00e7\u00f5es nacionais e multijurisdicionais ao CADE.<\/li>\n<li>Representa\u00e7\u00e3o de empresas e indiv\u00edduos em investiga\u00e7\u00f5es antitruste relacionadas \u00e0 pr\u00e1tica de cartel e de condutas anticompetitivas.<\/li>\n<li>Negocia\u00e7\u00e3o de acordos de leni\u00eancias e acordos de cessa\u00e7\u00e3o de pr\u00e1tica com o CADE.<\/li>\n<li>Representa\u00e7\u00e3o de empresas em processos judiciais envolvendo a\u00e7\u00f5es de responsabilidade civil por condutas anticompetitivas.<\/li>\n<li>Elabora\u00e7\u00e3o de programas de compliance e treinamento te\u00f3rico e pr\u00e1tico de empresas.<\/li>\n<li>Elabora\u00e7\u00e3o de pareceres jur\u00eddicos, an\u00e1lises de risco e revis\u00e3o de condutas corporativas relacionados a todos os temas de Direito da Concorr\u00eancia.<\/li>\n<\/ul>\n","protected":false},"excerpt":{"rendered":"<p>Acreditamos que a defesa dos interesses de nossos clientes no curso regular de seus neg\u00f3cios est\u00e1 intimamente associada a uma assessoria abrangente focada na preven\u00e7\u00e3o. O Conselho Administrativo de Defesa Econ\u00f4mica (CADE) tem atuado cada vez com mais rigor na an\u00e1lise de opera\u00e7\u00f5es de M&amp;A e forma\u00e7\u00e3o de joint-ventures e na investiga\u00e7\u00e3o de cart\u00e9is e [&hellip;]<\/p>\n","protected":false},"author":14,"featured_media":0,"parent":55,"menu_order":0,"comment_status":"closed","ping_status":"closed","template":"page-area-atuacao.php","meta":{"_acf_changed":false,"footnotes":""},"class_list":["post-904","page","type-page","status-publish","hentry"],"acf":[],"_links":{"self":[{"href":"https:\/\/cmalaw.com\/homolog\/wp-json\/wp\/v2\/pages\/904","targetHints":{"allow":["GET"]}}],"collection":[{"href":"https:\/\/cmalaw.com\/homolog\/wp-json\/wp\/v2\/pages"}],"about":[{"href":"https:\/\/cmalaw.com\/homolog\/wp-json\/wp\/v2\/types\/page"}],"author":[{"embeddable":true,"href":"https:\/\/cmalaw.com\/homolog\/wp-json\/wp\/v2\/users\/14"}],"replies":[{"embeddable":true,"href":"https:\/\/cmalaw.com\/homolog\/wp-json\/wp\/v2\/comments?post=904"}],"version-history":[{"count":5,"href":"https:\/\/cmalaw.com\/homolog\/wp-json\/wp\/v2\/pages\/904\/revisions"}],"predecessor-version":[{"id":16578,"href":"https:\/\/cmalaw.com\/homolog\/wp-json\/wp\/v2\/pages\/904\/revisions\/16578"}],"up":[{"embeddable":true,"href":"https:\/\/cmalaw.com\/homolog\/wp-json\/wp\/v2\/pages\/55"}],"wp:attachment":[{"href":"https:\/\/cmalaw.com\/homolog\/wp-json\/wp\/v2\/media?parent=904"}],"curies":[{"name":"wp","href":"https:\/\/api.w.org\/{rel}","templated":true}]}}