{"id":92,"date":"2018-06-08T11:33:05","date_gmt":"2018-06-08T14:33:05","guid":{"rendered":"http:\/\/noblind.com.br\/clientes\/CMA\/site\/?page_id=92"},"modified":"2025-06-25T19:02:49","modified_gmt":"2025-06-25T22:02:49","slug":"recuperacao-de-empresas-e-falencia","status":"publish","type":"page","link":"https:\/\/cmalaw.com\/homolog\/areas-de-atuacao\/areas-de-pratica\/recuperacao-de-empresas-e-falencia\/","title":{"rendered":"Recupera\u00e7\u00e3o de Empresas e Fal\u00eancia"},"content":{"rendered":"<p><span style=\"color: #081572;\"><i><strong>Quest\u00f5es sens\u00edveis resultantes de processos de insolv\u00eancia e recupera\u00e7\u00e3o de empresas podem ser tratadas com menor impacto se houver uma assessoria jur\u00eddica experiente, especializada e completa.<\/strong> <\/i><\/span><\/p>\n<p>A alta complexidade casos de recupera\u00e7\u00e3o de empresas e fal\u00eancias demanda atua\u00e7\u00e3o multidisciplinar. Nossa pr\u00e1tica \u00e9 desenvolvida por um time especializado, que atua em parceria com as demais \u00e1reas do CMA, o que permite o atendimento aos mais complexos casos com um suporte jur\u00eddico eficaz e amplo.<\/p>\n<p><strong>A atua\u00e7\u00e3o CMA na \u00e1rea de insolv\u00eancia e recupera\u00e7\u00e3o de empresas inclui servi\u00e7os como:<\/strong><\/p>\n<ul>\n<li>Representa\u00e7\u00e3o de devedores em processos de recupera\u00e7\u00e3o e fal\u00eancia;<\/li>\n<li>Elabora\u00e7\u00e3o de planos de recupera\u00e7\u00e3o judicial e extrajudicial e negocia\u00e7\u00e3o com credores;<\/li>\n<li>Elabora\u00e7\u00e3o e negocia\u00e7\u00e3o de acordos de ina\u00e7\u00e3o (stand still);<\/li>\n<li>Recupera\u00e7\u00e3o de cr\u00e9ditos em face de empresas em recupera\u00e7\u00e3o judicial, extrajudicial e fal\u00eancia, e ajuizamento de medidas judiciais em face de devedores principal e coobrigados;<\/li>\n<li>Reorganiza\u00e7\u00e3o societ\u00e1ria;<\/li>\n<li>Processos de insolv\u00eancia civil;<\/li>\n<li>Assessoria jur\u00eddica a administradores judiciais em processos de recupera\u00e7\u00e3o judicial e fal\u00eancia;<\/li>\n<li>Consultoria na compra de ativos envolvendo empresas insolventes, e assessoria na concess\u00e3o de DIP Finance.<\/li>\n<\/ul>\n","protected":false},"excerpt":{"rendered":"<p>Quest\u00f5es sens\u00edveis resultantes de processos de insolv\u00eancia e recupera\u00e7\u00e3o de empresas podem ser tratadas com menor impacto se houver uma assessoria jur\u00eddica experiente, especializada e completa. A alta complexidade casos de recupera\u00e7\u00e3o de empresas e fal\u00eancias demanda atua\u00e7\u00e3o multidisciplinar. Nossa pr\u00e1tica \u00e9 desenvolvida por um time especializado, que atua em parceria com as demais \u00e1reas [&hellip;]<\/p>\n","protected":false},"author":14,"featured_media":0,"parent":55,"menu_order":0,"comment_status":"closed","ping_status":"closed","template":"page-area-atuacao.php","meta":{"_acf_changed":false,"footnotes":""},"class_list":["post-92","page","type-page","status-publish","hentry"],"acf":[],"_links":{"self":[{"href":"https:\/\/cmalaw.com\/homolog\/wp-json\/wp\/v2\/pages\/92","targetHints":{"allow":["GET"]}}],"collection":[{"href":"https:\/\/cmalaw.com\/homolog\/wp-json\/wp\/v2\/pages"}],"about":[{"href":"https:\/\/cmalaw.com\/homolog\/wp-json\/wp\/v2\/types\/page"}],"author":[{"embeddable":true,"href":"https:\/\/cmalaw.com\/homolog\/wp-json\/wp\/v2\/users\/14"}],"replies":[{"embeddable":true,"href":"https:\/\/cmalaw.com\/homolog\/wp-json\/wp\/v2\/comments?post=92"}],"version-history":[{"count":3,"href":"https:\/\/cmalaw.com\/homolog\/wp-json\/wp\/v2\/pages\/92\/revisions"}],"predecessor-version":[{"id":16474,"href":"https:\/\/cmalaw.com\/homolog\/wp-json\/wp\/v2\/pages\/92\/revisions\/16474"}],"up":[{"embeddable":true,"href":"https:\/\/cmalaw.com\/homolog\/wp-json\/wp\/v2\/pages\/55"}],"wp:attachment":[{"href":"https:\/\/cmalaw.com\/homolog\/wp-json\/wp\/v2\/media?parent=92"}],"curies":[{"name":"wp","href":"https:\/\/api.w.org\/{rel}","templated":true}]}}