{"id":96,"date":"2018-06-08T11:33:29","date_gmt":"2018-06-08T14:33:29","guid":{"rendered":"http:\/\/noblind.com.br\/clientes\/CMA\/site\/?page_id=96"},"modified":"2025-06-25T19:04:32","modified_gmt":"2025-06-25T22:04:32","slug":"regulatorio","status":"publish","type":"page","link":"https:\/\/cmalaw.com\/homolog\/areas-de-atuacao\/areas-de-pratica\/regulatorio\/","title":{"rendered":"Regulat\u00f3rio"},"content":{"rendered":"<p><span style=\"color: #081572;\"><strong><i>Estamos acostumados a lidar com uma ampla gama de quest\u00f5es regulat\u00f3rias, atendendo empresas brasileiras e estrangeiras de diferentes portes em diversos setores do mercado, tais como aeroespacial e defesa, energia, farmac\u00eautico, hotelaria e lazer, infraestrutura, m\u00eddia e servi\u00e7os financeiros e banc\u00e1rios.<\/i><\/strong><\/span><\/p>\n<p>Diversos membros de nossa equipe possuem ampla experi\u00eancia com as mais variadas quest\u00f5es regulat\u00f3rias, enquanto outros trabalharam muitos anos em ag\u00eancias governamentais e empresas p\u00fablicas.<\/p>\n<p>Tal privil\u00e9gio se traduz em uma profunda compreens\u00e3o do ponto de vista do governo, forte diferencial para o desenvolvimento de estrat\u00e9gias em benef\u00edcio de nossos clientes.<\/p>\n<p><strong>Dentre os servi\u00e7os que prestamos, destacamos:<\/strong><\/p>\n<ul>\n<li>Consultoria em quest\u00f5es regulat\u00f3rias, incluindo assessoria e representa\u00e7\u00e3o de empresas perante ag\u00eancias reguladoras, tais como ANATEL, ANEEL, ANP, ANTAQ, ANTT e ANVISA, dentre outras.<\/li>\n<li>Planejamento e estrutura\u00e7\u00e3o de opera\u00e7\u00f5es de neg\u00f3cios alinhadas com aspectos regulat\u00f3rios.<\/li>\n<li>Elabora\u00e7\u00e3o e negocia\u00e7\u00e3o de contratos e acordos contendo cl\u00e1usulas abrangendo aspectos regulat\u00f3rios.<\/li>\n<li>Elabora\u00e7\u00e3o de pareceres sobre quest\u00f5es regulat\u00f3rias.<\/li>\n<\/ul>\n<p><strong>No \u00e2mbito dos contratos p\u00fablicos, que envolvem processos de licita\u00e7\u00e3o, podemos adaptar nossos servi\u00e7os \u00e0s necessidades do cliente, de modo a contemplar:<\/strong><\/p>\n<ul>\n<li>Assessoria e representa\u00e7\u00e3o de empresas em propostas e processos de licita\u00e7\u00e3o p\u00fablica de alto n\u00edvel relacionados a parcerias p\u00fablico-privadas (PPP), concess\u00f5es, permiss\u00f5es e autoriza\u00e7\u00f5es.<\/li>\n<li>Elabora\u00e7\u00e3o e an\u00e1lise de contratos e acordos administrativos estabelecidos com o governo.<\/li>\n<li>Assessoria durante a execu\u00e7\u00e3o de contratos p\u00fablicos.<\/li>\n<li>Representa\u00e7\u00e3o de empresas em lit\u00edgios envolvendo licita\u00e7\u00f5es p\u00fablicas e quest\u00f5es de administra\u00e7\u00e3o p\u00fablica.<\/li>\n<li>Elabora\u00e7\u00e3o de pareceres, avalia\u00e7\u00f5es de risco, estrat\u00e9gias e pol\u00edticas relacionadas a quest\u00f5es de administra\u00e7\u00e3o p\u00fablica.<\/li>\n<li>Negocia\u00e7\u00f5es diretas com ag\u00eancias governamentais.<\/li>\n<li>Como ponto alto de nossa experi\u00eancia, participamos da maioria das principais aquisi\u00e7\u00f5es governamentais conduzidas pelas For\u00e7as Armadas Brasileiras nos \u00faltimos anos, assessorando empresas estrangeiras em todo o processo de licita\u00e7\u00e3o e negocia\u00e7\u00e3o de contratos que ser\u00e3o realizados ao longo das pr\u00f3ximas d\u00e9cadas.<\/li>\n<\/ul>\n","protected":false},"excerpt":{"rendered":"<p>Estamos acostumados a lidar com uma ampla gama de quest\u00f5es regulat\u00f3rias, atendendo empresas brasileiras e estrangeiras de diferentes portes em diversos setores do mercado, tais como aeroespacial e defesa, energia, farmac\u00eautico, hotelaria e lazer, infraestrutura, m\u00eddia e servi\u00e7os financeiros e banc\u00e1rios. Diversos membros de nossa equipe possuem ampla experi\u00eancia com as mais variadas quest\u00f5es regulat\u00f3rias, [&hellip;]<\/p>\n","protected":false},"author":14,"featured_media":0,"parent":55,"menu_order":0,"comment_status":"closed","ping_status":"closed","template":"page-area-atuacao.php","meta":{"_acf_changed":false,"footnotes":""},"class_list":["post-96","page","type-page","status-publish","hentry"],"acf":[],"_links":{"self":[{"href":"https:\/\/cmalaw.com\/homolog\/wp-json\/wp\/v2\/pages\/96","targetHints":{"allow":["GET"]}}],"collection":[{"href":"https:\/\/cmalaw.com\/homolog\/wp-json\/wp\/v2\/pages"}],"about":[{"href":"https:\/\/cmalaw.com\/homolog\/wp-json\/wp\/v2\/types\/page"}],"author":[{"embeddable":true,"href":"https:\/\/cmalaw.com\/homolog\/wp-json\/wp\/v2\/users\/14"}],"replies":[{"embeddable":true,"href":"https:\/\/cmalaw.com\/homolog\/wp-json\/wp\/v2\/comments?post=96"}],"version-history":[{"count":4,"href":"https:\/\/cmalaw.com\/homolog\/wp-json\/wp\/v2\/pages\/96\/revisions"}],"predecessor-version":[{"id":16478,"href":"https:\/\/cmalaw.com\/homolog\/wp-json\/wp\/v2\/pages\/96\/revisions\/16478"}],"up":[{"embeddable":true,"href":"https:\/\/cmalaw.com\/homolog\/wp-json\/wp\/v2\/pages\/55"}],"wp:attachment":[{"href":"https:\/\/cmalaw.com\/homolog\/wp-json\/wp\/v2\/media?parent=96"}],"curies":[{"name":"wp","href":"https:\/\/api.w.org\/{rel}","templated":true}]}}